{"id":68,"date":"2024-11-07T19:23:34","date_gmt":"2024-11-07T18:23:34","guid":{"rendered":"https:\/\/lashacademy.nl\/?page_id=68"},"modified":"2025-05-01T18:41:02","modified_gmt":"2025-05-01T16:41:02","slug":"o-mnie","status":"publish","type":"page","link":"https:\/\/lashacademy.nl\/?page_id=68","title":{"rendered":"About"},"content":{"rendered":"\t\t<div data-elementor-type=\"wp-page\" data-elementor-id=\"68\" class=\"elementor elementor-68\">\n\t\t\t\t<div class=\"elementor-element elementor-element-44850b4f e-con-full e-flex e-con e-parent\" data-id=\"44850b4f\" data-element_type=\"container\" data-settings=\"{&quot;background_background&quot;:&quot;classic&quot;}\">\n\t\t<div class=\"elementor-element elementor-element-537c6905 e-con-full e-flex e-con e-child\" data-id=\"537c6905\" data-element_type=\"container\" data-settings=\"{&quot;background_background&quot;:&quot;classic&quot;}\">\n\t\t\t\t<div class=\"elementor-element elementor-element-53e2d567 elementor-invisible elementor-widget elementor-widget-image\" data-id=\"53e2d567\" data-element_type=\"widget\" data-settings=\"{&quot;_animation&quot;:&quot;fadeIn&quot;}\" data-widget_type=\"image.default\">\n\t\t\t\t<div class=\"elementor-widget-container\">\n\t\t\t\t\t\t\t\t\t\t\t\t\t\t\t<img fetchpriority=\"high\" decoding=\"async\" width=\"1707\" height=\"2560\" src=\"https:\/\/lashacademy.nl\/wp-content\/uploads\/2025\/04\/32-scaled.jpg\" class=\"attachment-full size-full wp-image-461\" alt=\"\" srcset=\"https:\/\/lashacademy.nl\/wp-content\/uploads\/2025\/04\/32-scaled.jpg 1707w, https:\/\/lashacademy.nl\/wp-content\/uploads\/2025\/04\/32-200x300.jpg 200w, https:\/\/lashacademy.nl\/wp-content\/uploads\/2025\/04\/32-683x1024.jpg 683w, https:\/\/lashacademy.nl\/wp-content\/uploads\/2025\/04\/32-768x1152.jpg 768w, https:\/\/lashacademy.nl\/wp-content\/uploads\/2025\/04\/32-1024x1536.jpg 1024w, https:\/\/lashacademy.nl\/wp-content\/uploads\/2025\/04\/32-1365x2048.jpg 1365w\" sizes=\"(max-width: 1707px) 100vw, 1707px\" \/>\t\t\t\t\t\t\t\t\t\t\t\t\t\t\t<\/div>\n\t\t\t\t<\/div>\n\t\t\t\t<\/div>\n\t\t<div class=\"elementor-element elementor-element-2513b2f e-con-full e-flex e-con e-child\" data-id=\"2513b2f\" data-element_type=\"container\">\n\t\t\t\t<div class=\"elementor-element elementor-element-4daf6c43 elementor-invisible elementor-widget elementor-widget-heading\" data-id=\"4daf6c43\" data-element_type=\"widget\" data-settings=\"{&quot;_animation&quot;:&quot;fadeIn&quot;}\" data-widget_type=\"heading.default\">\n\t\t\t\t<div class=\"elementor-widget-container\">\n\t\t\t\t\t<h1 class=\"elementor-heading-title elementor-size-default\">Witaj!<\/h1>\t\t\t\t<\/div>\n\t\t\t\t<\/div>\n\t\t\t\t<div class=\"elementor-element elementor-element-2fc3393 elementor-widget__width-initial elementor-widget elementor-widget-text-editor\" data-id=\"2fc3393\" data-element_type=\"widget\" data-widget_type=\"text-editor.default\">\n\t\t\t\t<div class=\"elementor-widget-container\">\n\t\t\t\t\t\t\t\t\t<p><span style=\"font-weight: 400;\">Nazywam si\u0119 Agnieszka Szyma\u0144ska i jestem instruktorem przed\u0142u\u017cania rz\u0119s. <\/span><\/p><p><span style=\"font-weight: 400;\">Od 2010 roku z pasj\u0105 i determinacj\u0105 rozwijam swoj\u0105 karier\u0119 w tej dynamicznej bran\u017cy, co daje mi ogromn\u0105 rado\u015b\u0107 i pozwala na wyra\u017cenie mojej kreatywno\u015bci oraz pomoc innym w odkrywaniu ich naturalnego pi\u0119kna. <\/span><\/p>\t\t\t\t\t\t\t\t<\/div>\n\t\t\t\t<\/div>\n\t\t\t\t<div class=\"elementor-element elementor-element-098a101 elementor-widget__width-initial elementor-widget elementor-widget-text-editor\" data-id=\"098a101\" data-element_type=\"widget\" data-widget_type=\"text-editor.default\">\n\t\t\t\t<div class=\"elementor-widget-container\">\n\t\t\t\t\t\t\t\t\t<p><span style=\"font-weight: 400;\">Jako uznana ekspertka w dziedzinie stylizacji rz\u0119s, stale modernizuj\u0119 techniki, aby by\u0107\u00a0 na bie\u017c\u0105co z najnowszymi trendami. <\/span><\/p><p><span style=\"font-weight: 400;\">Przeszkoli\u0142am ju\u017c kilkaset kursantek, co jest\u00a0 dowodem mojego zaanga\u017cowania oraz wysokiego uznania w bran\u017cy. K\u0142ad\u0119 du\u017cy nacisk na jako\u015b\u0107 organizowanych szkole\u0144, kt\u00f3re bazuj\u0105 na moim wieloletnim do\u015bwiadczeniu.\u00a0 <\/span><\/p><p><span style=\"font-weight: 400;\">Oferuj\u0119 spersonalizowane podej\u015bcie do ka\u017cdej kursantki, co sprawia, \u017ce moje szkolenia\u00a0 ciesz\u0105 si\u0119 doskona\u0142ymi opiniami. <\/span><\/p>\t\t\t\t\t\t\t\t<\/div>\n\t\t\t\t<\/div>\n\t\t\t\t<\/div>\n\t\t\t\t<\/div>\n\t\t<div class=\"elementor-element elementor-element-772b08a e-con-full e-flex e-con e-parent\" data-id=\"772b08a\" data-element_type=\"container\">\n\t\t<div class=\"elementor-element elementor-element-5c21924 e-con-full e-flex e-con e-child\" data-id=\"5c21924\" data-element_type=\"container\">\n\t\t\t\t<div class=\"elementor-element elementor-element-38b73e2 elementor-invisible elementor-widget elementor-widget-heading\" data-id=\"38b73e2\" data-element_type=\"widget\" data-settings=\"{&quot;_animation&quot;:&quot;fadeIn&quot;}\" data-widget_type=\"heading.default\">\n\t\t\t\t<div class=\"elementor-widget-container\">\n\t\t\t\t\t<h3 class=\"elementor-heading-title elementor-size-default\">Z dum\u0105 obserwuj\u0119,<\/h3>\t\t\t\t<\/div>\n\t\t\t\t<\/div>\n\t\t\t\t<div class=\"elementor-element elementor-element-587c367 elementor-invisible elementor-widget elementor-widget-heading\" data-id=\"587c367\" data-element_type=\"widget\" data-settings=\"{&quot;_animation&quot;:&quot;fadeIn&quot;,&quot;_animation_delay&quot;:&quot;200&quot;}\" data-widget_type=\"heading.default\">\n\t\t\t\t<div class=\"elementor-widget-container\">\n\t\t\t\t\t<h6 class=\"elementor-heading-title elementor-size-default\">kiedy moje kursantki robi\u0105 post\u0119py, zyskuj\u0105 coraz wi\u0119cej  zadowolonych klientek, a niekt\u00f3re z nich staj\u0105 si\u0119 tak\u017ce szkoleniowcami. Moim celem  jest nie tylko przekazanie umiej\u0119tno\u015bci technicznych, ale tak\u017ce inspirowanie do \nci\u0105g\u0142ego rozwoju w tej dziedzinie.\n<\/h6>\t\t\t\t<\/div>\n\t\t\t\t<\/div>\n\t\t\t\t<div class=\"elementor-element elementor-element-3444aca elementor-widget-divider--view-line elementor-widget elementor-widget-divider\" data-id=\"3444aca\" data-element_type=\"widget\" data-widget_type=\"divider.default\">\n\t\t\t\t<div class=\"elementor-widget-container\">\n\t\t\t\t\t\t\t<div class=\"elementor-divider\">\n\t\t\t<span class=\"elementor-divider-separator\">\n\t\t\t\t\t\t<\/span>\n\t\t<\/div>\n\t\t\t\t\t\t<\/div>\n\t\t\t\t<\/div>\n\t\t\t\t<div class=\"elementor-element elementor-element-9a6bb5e elementor-widget elementor-widget-text-editor\" data-id=\"9a6bb5e\" data-element_type=\"widget\" data-widget_type=\"text-editor.default\">\n\t\t\t\t<div class=\"elementor-widget-container\">\n\t\t\t\t\t\t\t\t\t<p><span style=\"font-weight: 400;\">Stawiam na pomoc poszkoleniow\u0105, aby uczestniczki\u00a0 mog\u0142y liczy\u0107 na wsparcie nawet po zako\u0144czeniu kursu. Wiedza, kt\u00f3r\u0105 przekazuj\u0119\u00a0 podczas zaj\u0119\u0107, jest dawkowana w spos\u00f3b przyst\u0119pny i zrozumia\u0142y.\u00a0<\/span><\/p><p>Poznaj opini\u0119 moich kursantek oraz obejrzyj materia\u0142 dedykowany szkoleniom <a href=\"https:\/\/www.facebook.com\/100063816062003\/videos\/1028620041866488\" target=\"_blank\" rel=\"noopener\">klikaj\u0105c w ten link<\/a>.<\/p>\t\t\t\t\t\t\t\t<\/div>\n\t\t\t\t<\/div>\n\t\t\t\t<\/div>\n\t\t<div class=\"elementor-element elementor-element-8eb2684 e-con-full e-flex e-con e-child\" data-id=\"8eb2684\" data-element_type=\"container\" data-settings=\"{&quot;background_background&quot;:&quot;classic&quot;}\">\n\t\t\t\t<div class=\"elementor-element elementor-element-b68f9d4 elementor-pagination-position-outside elementor-widget elementor-widget-image-carousel\" data-id=\"b68f9d4\" data-element_type=\"widget\" data-settings=\"{&quot;slides_to_show&quot;:&quot;1&quot;,&quot;navigation&quot;:&quot;dots&quot;,&quot;pause_on_hover&quot;:&quot;no&quot;,&quot;autoplay_speed&quot;:4000,&quot;effect&quot;:&quot;fade&quot;,&quot;autoplay&quot;:&quot;yes&quot;,&quot;pause_on_interaction&quot;:&quot;yes&quot;,&quot;infinite&quot;:&quot;yes&quot;,&quot;speed&quot;:500}\" data-widget_type=\"image-carousel.default\">\n\t\t\t\t<div class=\"elementor-widget-container\">\n\t\t\t\t\t\t\t<div class=\"elementor-image-carousel-wrapper swiper\" role=\"region\" aria-roledescription=\"carousel\" aria-label=\"Karuzela obrazk\u00f3w\" dir=\"ltr\">\n\t\t\t<div class=\"elementor-image-carousel swiper-wrapper swiper-image-stretch\" aria-live=\"off\">\n\t\t\t\t\t\t\t\t<div class=\"swiper-slide\" role=\"group\" aria-roledescription=\"slide\" aria-label=\"1 z 2\"><figure class=\"swiper-slide-inner\"><img decoding=\"async\" class=\"swiper-slide-image\" src=\"https:\/\/lashacademy.nl\/wp-content\/uploads\/2024\/11\/190605339_4081782505219578_6662530161038413208_n.jpg\" alt=\"190605339_4081782505219578_6662530161038413208_n\" \/><\/figure><\/div><div class=\"swiper-slide\" role=\"group\" aria-roledescription=\"slide\" aria-label=\"2 z 2\"><figure class=\"swiper-slide-inner\"><img decoding=\"async\" class=\"swiper-slide-image\" src=\"https:\/\/lashacademy.nl\/wp-content\/uploads\/2024\/11\/178167380_4002365443161285_8122705055282452693_n.jpg\" alt=\"178167380_4002365443161285_8122705055282452693_n\" \/><\/figure><\/div>\t\t\t<\/div>\n\t\t\t\t\t\t\t\n\t\t\t\t\t\t\t\t\t<div class=\"swiper-pagination\"><\/div>\n\t\t\t\t\t\t\t\t\t<\/div>\n\t\t\t\t\t\t<\/div>\n\t\t\t\t<\/div>\n\t\t\t\t<\/div>\n\t\t\t\t<\/div>\n\t\t<div class=\"elementor-element elementor-element-ee2e81b e-con-full e-flex e-con e-parent\" data-id=\"ee2e81b\" data-element_type=\"container\">\n\t\t<div class=\"elementor-element elementor-element-d30b46c e-con-full e-flex e-con e-child\" data-id=\"d30b46c\" data-element_type=\"container\" data-settings=\"{&quot;background_background&quot;:&quot;classic&quot;}\">\n\t\t\t\t<div class=\"elementor-element elementor-element-079ee67 elementor-widget__width-initial elementor-pagination-position-outside elementor-widget elementor-widget-image-carousel\" data-id=\"079ee67\" data-element_type=\"widget\" data-settings=\"{&quot;slides_to_show&quot;:&quot;1&quot;,&quot;navigation&quot;:&quot;dots&quot;,&quot;pause_on_hover&quot;:&quot;no&quot;,&quot;autoplay_speed&quot;:4000,&quot;effect&quot;:&quot;fade&quot;,&quot;autoplay&quot;:&quot;yes&quot;,&quot;pause_on_interaction&quot;:&quot;yes&quot;,&quot;infinite&quot;:&quot;yes&quot;,&quot;speed&quot;:500}\" data-widget_type=\"image-carousel.default\">\n\t\t\t\t<div class=\"elementor-widget-container\">\n\t\t\t\t\t\t\t<div class=\"elementor-image-carousel-wrapper swiper\" role=\"region\" aria-roledescription=\"carousel\" aria-label=\"Karuzela obrazk\u00f3w\" dir=\"ltr\">\n\t\t\t<div class=\"elementor-image-carousel swiper-wrapper swiper-image-stretch\" aria-live=\"off\">\n\t\t\t\t\t\t\t\t<div class=\"swiper-slide\" role=\"group\" aria-roledescription=\"slide\" aria-label=\"1 z 1\"><figure class=\"swiper-slide-inner\"><img decoding=\"async\" class=\"swiper-slide-image\" src=\"https:\/\/lashacademy.nl\/wp-content\/uploads\/2025\/04\/19.jpg\" alt=\"19\" \/><\/figure><\/div>\t\t\t<\/div>\n\t\t\t\t\t<\/div>\n\t\t\t\t\t\t<\/div>\n\t\t\t\t<\/div>\n\t\t\t\t<\/div>\n\t\t<div class=\"elementor-element elementor-element-71c9cf4 e-con-full e-flex e-con e-child\" data-id=\"71c9cf4\" data-element_type=\"container\">\n\t\t<div class=\"elementor-element elementor-element-a33716f e-con-full e-flex e-con e-child\" data-id=\"a33716f\" data-element_type=\"container\">\n\t\t\t\t<div class=\"elementor-element elementor-element-e700121 elementor-widget__width-initial elementor-invisible elementor-widget elementor-widget-heading\" data-id=\"e700121\" data-element_type=\"widget\" data-settings=\"{&quot;_animation&quot;:&quot;fadeIn&quot;}\" data-widget_type=\"heading.default\">\n\t\t\t\t<div class=\"elementor-widget-container\">\n\t\t\t\t\t<h3 class=\"elementor-heading-title elementor-size-default\">Nieustannie d\u0105\u017c\u0119<\/h3>\t\t\t\t<\/div>\n\t\t\t\t<\/div>\n\t\t\t\t<div class=\"elementor-element elementor-element-df231d3 elementor-widget__width-initial elementor-invisible elementor-widget elementor-widget-heading\" data-id=\"df231d3\" data-element_type=\"widget\" data-settings=\"{&quot;_animation&quot;:&quot;fadeIn&quot;,&quot;_animation_delay&quot;:&quot;200&quot;}\" data-widget_type=\"heading.default\">\n\t\t\t\t<div class=\"elementor-widget-container\">\n\t\t\t\t\t<h6 class=\"elementor-heading-title elementor-size-default\">do rozwoju, pracuj\u0105c nad innowacyjn\u0105 aplikacj\u0105 mobiln\u0105, kt\u00f3ra ma  na celu wsparcie stylist\u00f3w \nw codziennej pracy. Wierz\u0119, \u017ce motywowanie i wspieranie na  ka\u017cdym etapie nauki jest kluczowe dla osi\u0105gni\u0119cia sukcesu. Anga\u017cuj\u0119 si\u0119 od pierwszego  kontaktu, aby zapewni\u0107 najlepsze do\u015bwiadczenia edukacyjne.<\/h6>\t\t\t\t<\/div>\n\t\t\t\t<\/div>\n\t\t\t\t<div class=\"elementor-element elementor-element-e7e8afb elementor-widget-divider--view-line elementor-widget elementor-widget-divider\" data-id=\"e7e8afb\" data-element_type=\"widget\" data-widget_type=\"divider.default\">\n\t\t\t\t<div class=\"elementor-widget-container\">\n\t\t\t\t\t\t\t<div class=\"elementor-divider\">\n\t\t\t<span class=\"elementor-divider-separator\">\n\t\t\t\t\t\t<\/span>\n\t\t<\/div>\n\t\t\t\t\t\t<\/div>\n\t\t\t\t<\/div>\n\t\t\t\t<div class=\"elementor-element elementor-element-b996c90 elementor-widget elementor-widget-text-editor\" data-id=\"b996c90\" data-element_type=\"widget\" data-widget_type=\"text-editor.default\">\n\t\t\t\t<div class=\"elementor-widget-container\">\n\t\t\t\t\t\t\t\t\t<p><span style=\"font-weight: 400;\">Szkolenia w mojej Akademii to czysta przyjemno\u015b\u0107, a nie stresuj\u0105cy egzamin.\u00a0 Zach\u0119cam do odkrywania mojej oferty szkole\u0144 oraz do kontaktu, je\u015bli chcesz\u00a0 dowiedzie\u0107 si\u0119 wi\u0119cej lub rozpocz\u0105\u0107 swoj\u0105 przygod\u0119 ze stylizacj\u0105 rz\u0119s. Dzi\u0119ki\u00a0\u00a0<\/span><\/p><p><span style=\"font-weight: 400;\">determinacji, zaanga\u017cowaniu i niezale\u017cno\u015bci stworzy\u0142am siln\u0105 mark\u0119 w bran\u017cy stylizacji\u00a0 rz\u0119s, kt\u00f3ra inspiruje zar\u00f3wno kursantki, jak i klientki. Razem mo\u017cemy stworzy\u0107 co\u015b\u00a0 wyj\u0105tkowego! <\/span><\/p>\t\t\t\t\t\t\t\t<\/div>\n\t\t\t\t<\/div>\n\t\t\t\t<\/div>\n\t\t\t\t<\/div>\n\t\t\t\t<\/div>\n\t\t<div class=\"elementor-element elementor-element-c5fb517 e-con-full e-flex e-con e-parent\" data-id=\"c5fb517\" data-element_type=\"container\" data-settings=\"{&quot;background_background&quot;:&quot;classic&quot;}\">\n\t\t<div class=\"elementor-element elementor-element-7377728 e-con-full e-flex e-con e-child\" data-id=\"7377728\" data-element_type=\"container\" data-settings=\"{&quot;background_background&quot;:&quot;classic&quot;}\">\n\t\t\t\t<div class=\"elementor-element elementor-element-02df8f6 elementor-invisible elementor-widget elementor-widget-heading\" data-id=\"02df8f6\" data-element_type=\"widget\" data-settings=\"{&quot;_animation&quot;:&quot;fadeIn&quot;}\" data-widget_type=\"heading.default\">\n\t\t\t\t<div class=\"elementor-widget-container\">\n\t\t\t\t\t<h2 class=\"elementor-heading-title elementor-size-default\">poznaj rodzaje<\/h2>\t\t\t\t<\/div>\n\t\t\t\t<\/div>\n\t\t\t\t<div class=\"elementor-element elementor-element-ee44d33 elementor-widget__width-initial elementor-widget-mobile__width-inherit elementor-widget elementor-widget-text-editor\" data-id=\"ee44d33\" data-element_type=\"widget\" data-widget_type=\"text-editor.default\">\n\t\t\t\t<div class=\"elementor-widget-container\">\n\t\t\t\t\t\t\t\t\t<p>oferty szkoleniowej w Lash Academy. Kilknij w poni\u017cszy link i przekonaj si\u0119, jak szeroka gama edukacyjna czeka w\u0142a\u015bnie na Ciebie!\u00a0<\/p>\t\t\t\t\t\t\t\t<\/div>\n\t\t\t\t<\/div>\n\t\t\t\t<div class=\"elementor-element elementor-element-07c219d elementor-align-center elementor-widget elementor-widget-button\" data-id=\"07c219d\" data-element_type=\"widget\" data-widget_type=\"button.default\">\n\t\t\t\t<div class=\"elementor-widget-container\">\n\t\t\t\t\t\t\t\t\t<div class=\"elementor-button-wrapper\">\n\t\t\t\t\t<a class=\"elementor-button elementor-button-link elementor-size-sm elementor-animation-hang\" href=\"#\">\n\t\t\t\t\t\t<span class=\"elementor-button-content-wrapper\">\n\t\t\t\t\t\t\t\t\t<span class=\"elementor-button-text\">DO OFERTY \u27f6<\/span>\n\t\t\t\t\t<\/span>\n\t\t\t\t\t<\/a>\n\t\t\t\t<\/div>\n\t\t\t\t\t\t\t\t<\/div>\n\t\t\t\t<\/div>\n\t\t\t\t<\/div>\n\t\t<div class=\"elementor-element elementor-element-e063d21 e-con-full e-flex e-con e-child\" data-id=\"e063d21\" data-element_type=\"container\" data-settings=\"{&quot;background_background&quot;:&quot;video&quot;,&quot;background_video_link&quot;:&quot;https:\\\/\\\/www.youtube.com\\\/watch?v=GYI9nT3K4AE&quot;,&quot;background_video_start&quot;:15,&quot;background_play_once&quot;:&quot;yes&quot;,&quot;background_play_on_mobile&quot;:&quot;yes&quot;}\">\n\t\t<div class=\"elementor-background-video-container\">\n\t\t\t\t\t\t\t<div class=\"elementor-background-video-embed\"><\/div>\n\t\t\t\t\t\t<\/div>\t\t<div class=\"elementor-element elementor-element-067bd2a elementor-widget elementor-widget-spacer\" data-id=\"067bd2a\" data-element_type=\"widget\" data-widget_type=\"spacer.default\">\n\t\t\t\t<div class=\"elementor-widget-container\">\n\t\t\t\t\t\t\t<div class=\"elementor-spacer\">\n\t\t\t<div class=\"elementor-spacer-inner\"><\/div>\n\t\t<\/div>\n\t\t\t\t\t\t<\/div>\n\t\t\t\t<\/div>\n\t\t\t\t<\/div>\n\t\t\t\t<\/div>\n\t\t\t\t<\/div>\n\t\t","protected":false},"excerpt":{"rendered":"<p>Witaj! Nazywam si\u0119 Agnieszka Szyma\u0144ska i jestem instruktorem przed\u0142u\u017cania rz\u0119s. Od 2010 roku z pasj\u0105 i determinacj\u0105 rozwijam swoj\u0105 karier\u0119 w tej dynamicznej bran\u017cy, co daje mi ogromn\u0105 rado\u015b\u0107 i pozwala na wyra\u017cenie mojej kreatywno\u015bci oraz pomoc innym w odkrywaniu ich naturalnego pi\u0119kna. Jako uznana ekspertka w dziedzinie stylizacji rz\u0119s, stale modernizuj\u0119 techniki, aby by\u0107\u00a0 [&hellip;]<\/p>\n","protected":false},"author":1,"featured_media":0,"parent":0,"menu_order":0,"comment_status":"closed","ping_status":"closed","template":"","meta":{"footnotes":""},"class_list":["post-68","page","type-page","status-publish","hentry"],"_links":{"self":[{"href":"https:\/\/lashacademy.nl\/index.php?rest_route=\/wp\/v2\/pages\/68","targetHints":{"allow":["GET"]}}],"collection":[{"href":"https:\/\/lashacademy.nl\/index.php?rest_route=\/wp\/v2\/pages"}],"about":[{"href":"https:\/\/lashacademy.nl\/index.php?rest_route=\/wp\/v2\/types\/page"}],"author":[{"embeddable":true,"href":"https:\/\/lashacademy.nl\/index.php?rest_route=\/wp\/v2\/users\/1"}],"replies":[{"embeddable":true,"href":"https:\/\/lashacademy.nl\/index.php?rest_route=%2Fwp%2Fv2%2Fcomments&post=68"}],"version-history":[{"count":47,"href":"https:\/\/lashacademy.nl\/index.php?rest_route=\/wp\/v2\/pages\/68\/revisions"}],"predecessor-version":[{"id":926,"href":"https:\/\/lashacademy.nl\/index.php?rest_route=\/wp\/v2\/pages\/68\/revisions\/926"}],"wp:attachment":[{"href":"https:\/\/lashacademy.nl\/index.php?rest_route=%2Fwp%2Fv2%2Fmedia&parent=68"}],"curies":[{"name":"wp","href":"https:\/\/api.w.org\/{rel}","templated":true}]}}