{"id":40,"date":"2024-11-07T19:23:22","date_gmt":"2024-11-07T18:23:22","guid":{"rendered":"https:\/\/lashacademy.nl\/?page_id=40"},"modified":"2025-05-01T18:40:08","modified_gmt":"2025-05-01T16:40:08","slug":"home","status":"publish","type":"page","link":"https:\/\/lashacademy.nl\/","title":{"rendered":"Home"},"content":{"rendered":"\t\t<div data-elementor-type=\"wp-page\" data-elementor-id=\"40\" class=\"elementor elementor-40\">\n\t\t\t\t<div class=\"elementor-element elementor-element-6d713ea e-flex e-con-boxed e-con e-parent\" data-id=\"6d713ea\" data-element_type=\"container\" data-settings=\"{&quot;background_background&quot;:&quot;slideshow&quot;,&quot;background_slideshow_gallery&quot;:[{&quot;id&quot;:460,&quot;url&quot;:&quot;http:\\\/\\\/lashacademy.nl\\\/wp-content\\\/uploads\\\/2025\\\/04\\\/31.jpg&quot;},{&quot;id&quot;:154,&quot;url&quot;:&quot;http:\\\/\\\/lashacademy.nl\\\/wp-content\\\/uploads\\\/2024\\\/11\\\/Zdjecie-WhatsApp-2024-10-23-o-11.16.10_f1a7de0a.jpg&quot;},{&quot;id&quot;:445,&quot;url&quot;:&quot;http:\\\/\\\/lashacademy.nl\\\/wp-content\\\/uploads\\\/2025\\\/04\\\/17.jpg&quot;}],&quot;shape_divider_bottom&quot;:&quot;opacity-fan&quot;,&quot;background_slideshow_loop&quot;:&quot;yes&quot;,&quot;background_slideshow_slide_duration&quot;:5000,&quot;background_slideshow_slide_transition&quot;:&quot;fade&quot;,&quot;background_slideshow_transition_duration&quot;:500}\">\n\t\t\t\t\t<div class=\"e-con-inner\">\n\t\t\t\t<div class=\"elementor-shape elementor-shape-bottom\" data-negative=\"false\">\n\t\t\t<svg xmlns=\"http:\/\/www.w3.org\/2000\/svg\" viewBox=\"0 0 283.5 19.6\" preserveAspectRatio=\"none\">\n\t<path class=\"elementor-shape-fill\" style=\"opacity:0.33\" d=\"M0 0L0 18.8 141.8 4.1 283.5 18.8 283.5 0z\"\/>\n\t<path class=\"elementor-shape-fill\" style=\"opacity:0.33\" d=\"M0 0L0 12.6 141.8 4 283.5 12.6 283.5 0z\"\/>\n\t<path class=\"elementor-shape-fill\" style=\"opacity:0.33\" d=\"M0 0L0 6.4 141.8 4 283.5 6.4 283.5 0z\"\/>\n\t<path class=\"elementor-shape-fill\" d=\"M0 0L0 1.2 141.8 4 283.5 1.2 283.5 0z\"\/>\n<\/svg>\t\t<\/div>\n\t\t\t\t<div class=\"elementor-element elementor-element-b3b98b4 elementor-widget elementor-widget-spacer\" data-id=\"b3b98b4\" data-element_type=\"widget\" data-widget_type=\"spacer.default\">\n\t\t\t\t<div class=\"elementor-widget-container\">\n\t\t\t\t\t\t\t<div class=\"elementor-spacer\">\n\t\t\t<div class=\"elementor-spacer-inner\"><\/div>\n\t\t<\/div>\n\t\t\t\t\t\t<\/div>\n\t\t\t\t<\/div>\n\t\t\t\t<div class=\"elementor-element elementor-element-61e6ff9 elementor-widget elementor-widget-spacer\" data-id=\"61e6ff9\" data-element_type=\"widget\" data-widget_type=\"spacer.default\">\n\t\t\t\t<div class=\"elementor-widget-container\">\n\t\t\t\t\t\t\t<div class=\"elementor-spacer\">\n\t\t\t<div class=\"elementor-spacer-inner\"><\/div>\n\t\t<\/div>\n\t\t\t\t\t\t<\/div>\n\t\t\t\t<\/div>\n\t\t\t\t\t<\/div>\n\t\t\t\t<\/div>\n\t\t<div class=\"elementor-element elementor-element-90df754 e-flex e-con-boxed e-con e-parent\" data-id=\"90df754\" data-element_type=\"container\" data-settings=\"{&quot;background_background&quot;:&quot;gradient&quot;}\">\n\t\t\t\t\t<div class=\"e-con-inner\">\n\t\t<div class=\"elementor-element elementor-element-60a5857 e-con-full e-flex e-con e-child\" data-id=\"60a5857\" data-element_type=\"container\" data-settings=\"{&quot;background_background&quot;:&quot;classic&quot;}\">\n\t\t\t\t<div class=\"elementor-element elementor-element-f995ba1 elementor-widget elementor-widget-image\" data-id=\"f995ba1\" data-element_type=\"widget\" data-widget_type=\"image.default\">\n\t\t\t\t<div class=\"elementor-widget-container\">\n\t\t\t\t\t\t\t\t\t\t\t\t\t\t\t<img fetchpriority=\"high\" decoding=\"async\" width=\"483\" height=\"483\" src=\"http:\/\/lashacademy.nl\/wp-content\/uploads\/2024\/11\/ikona-logo-1.png\" class=\"attachment-large size-large wp-image-175\" alt=\"\" srcset=\"http:\/\/lashacademy.nl\/wp-content\/uploads\/2024\/11\/ikona-logo-1.png 483w, http:\/\/lashacademy.nl\/wp-content\/uploads\/2024\/11\/ikona-logo-1-300x300.png 300w, http:\/\/lashacademy.nl\/wp-content\/uploads\/2024\/11\/ikona-logo-1-150x150.png 150w\" sizes=\"(max-width: 483px) 100vw, 483px\" \/>\t\t\t\t\t\t\t\t\t\t\t\t\t\t\t<\/div>\n\t\t\t\t<\/div>\n\t\t\t\t<div class=\"elementor-element elementor-element-46104fb elementor-widget elementor-widget-heading\" data-id=\"46104fb\" data-element_type=\"widget\" data-widget_type=\"heading.default\">\n\t\t\t\t<div class=\"elementor-widget-container\">\n\t\t\t\t\t<h2 class=\"elementor-heading-title elementor-size-default\">,,Pami\u0119taj, \u017ce kluczem do sukcesu <br> jest determinacja i praktyka. <br> \u0106wicz regularnie i d\u0105\u017c  do spe\u0142nienia <br>swoich marze\u0144!\"\n<\/h2>\t\t\t\t<\/div>\n\t\t\t\t<\/div>\n\t\t\t\t<div class=\"elementor-element elementor-element-9f1cf24 elementor-widget elementor-widget-image\" data-id=\"9f1cf24\" data-element_type=\"widget\" data-widget_type=\"image.default\">\n\t\t\t\t<div class=\"elementor-widget-container\">\n\t\t\t\t\t\t\t\t\t\t\t\t\t\t\t<img decoding=\"async\" width=\"800\" height=\"88\" src=\"http:\/\/lashacademy.nl\/wp-content\/uploads\/2024\/11\/podpis-1024x113.png\" class=\"attachment-large size-large wp-image-171\" alt=\"\" srcset=\"http:\/\/lashacademy.nl\/wp-content\/uploads\/2024\/11\/podpis-1024x113.png 1024w, http:\/\/lashacademy.nl\/wp-content\/uploads\/2024\/11\/podpis-300x33.png 300w, http:\/\/lashacademy.nl\/wp-content\/uploads\/2024\/11\/podpis-768x85.png 768w, http:\/\/lashacademy.nl\/wp-content\/uploads\/2024\/11\/podpis-1536x169.png 1536w, http:\/\/lashacademy.nl\/wp-content\/uploads\/2024\/11\/podpis.png 1698w\" sizes=\"(max-width: 800px) 100vw, 800px\" \/>\t\t\t\t\t\t\t\t\t\t\t\t\t\t\t<\/div>\n\t\t\t\t<\/div>\n\t\t\t\t<div class=\"elementor-element elementor-element-aaee3ce elementor-widget elementor-widget-text-editor\" data-id=\"aaee3ce\" data-element_type=\"widget\" data-widget_type=\"text-editor.default\">\n\t\t\t\t<div class=\"elementor-widget-container\">\n\t\t\t\t\t\t\t\t\t<p>Agnieszka Szyma\u0144ska Instruktor \/ W\u0142a\u015bciciel Lash Academy<\/p>\t\t\t\t\t\t\t\t<\/div>\n\t\t\t\t<\/div>\n\t\t\t\t<\/div>\n\t\t\t\t<div class=\"elementor-element elementor-element-a6b4bb2 elementor-widget__width-initial elementor-widget-tablet__width-initial elementor-absolute elementor-invisible elementor-widget elementor-widget-spacer\" data-id=\"a6b4bb2\" data-element_type=\"widget\" data-settings=\"{&quot;_position&quot;:&quot;absolute&quot;,&quot;_animation&quot;:&quot;slideInUp&quot;}\" data-widget_type=\"spacer.default\">\n\t\t\t\t<div class=\"elementor-widget-container\">\n\t\t\t\t\t\t\t<div class=\"elementor-spacer\">\n\t\t\t<div class=\"elementor-spacer-inner\"><\/div>\n\t\t<\/div>\n\t\t\t\t\t\t<\/div>\n\t\t\t\t<\/div>\n\t\t\t\t\t<\/div>\n\t\t\t\t<\/div>\n\t\t<div class=\"elementor-element elementor-element-43033de9 e-flex e-con-boxed e-con e-parent\" data-id=\"43033de9\" data-element_type=\"container\" data-settings=\"{&quot;background_background&quot;:&quot;gradient&quot;}\">\n\t\t\t\t\t<div class=\"e-con-inner\">\n\t\t\t\t<div class=\"elementor-element elementor-element-27c01cf0 elementor-widget__width-initial elementor-widget-tablet__width-initial elementor-widget-mobile__width-inherit elementor-widget elementor-widget-image\" data-id=\"27c01cf0\" data-element_type=\"widget\" data-widget_type=\"image.default\">\n\t\t\t\t<div class=\"elementor-widget-container\">\n\t\t\t\t\t\t\t\t\t\t\t\t\t\t\t<img decoding=\"async\" width=\"1707\" height=\"2560\" src=\"http:\/\/lashacademy.nl\/wp-content\/uploads\/2025\/04\/5-scaled.jpg\" class=\"attachment-full size-full wp-image-434\" alt=\"\" srcset=\"http:\/\/lashacademy.nl\/wp-content\/uploads\/2025\/04\/5-scaled.jpg 1707w, http:\/\/lashacademy.nl\/wp-content\/uploads\/2025\/04\/5-200x300.jpg 200w, http:\/\/lashacademy.nl\/wp-content\/uploads\/2025\/04\/5-683x1024.jpg 683w, http:\/\/lashacademy.nl\/wp-content\/uploads\/2025\/04\/5-768x1152.jpg 768w, http:\/\/lashacademy.nl\/wp-content\/uploads\/2025\/04\/5-1024x1536.jpg 1024w, http:\/\/lashacademy.nl\/wp-content\/uploads\/2025\/04\/5-1365x2048.jpg 1365w\" sizes=\"(max-width: 1707px) 100vw, 1707px\" \/>\t\t\t\t\t\t\t\t\t\t\t\t\t\t\t<\/div>\n\t\t\t\t<\/div>\n\t\t<div class=\"elementor-element elementor-element-1330d6a4 e-con-full e-flex e-con e-child\" data-id=\"1330d6a4\" data-element_type=\"container\">\n\t\t\t\t<div class=\"elementor-element elementor-element-23a50d00 elementor-invisible elementor-widget elementor-widget-heading\" data-id=\"23a50d00\" data-element_type=\"widget\" data-settings=\"{&quot;_animation&quot;:&quot;fadeIn&quot;,&quot;_animation_delay&quot;:&quot;200&quot;}\" data-widget_type=\"heading.default\">\n\t\t\t\t<div class=\"elementor-widget-container\">\n\t\t\t\t\t<h4 class=\"elementor-heading-title elementor-size-default\">Jestem do\u015bwiadczonym instruktorem rz\u0119s <br>z ponad 10-letnim sta\u017cem w bran\u017cy.<\/h4>\t\t\t\t<\/div>\n\t\t\t\t<\/div>\n\t\t\t\t<div class=\"elementor-element elementor-element-6d99e25f elementor-widget elementor-widget-text-editor\" data-id=\"6d99e25f\" data-element_type=\"widget\" data-widget_type=\"text-editor.default\">\n\t\t\t\t<div class=\"elementor-widget-container\">\n\t\t\t\t\t\t\t\t\t<p>W mojej Akademii oferuj\u0119 szkolenia oparte na nowoczesnych technikach, indywidualnym podej\u015bciu i wsparciu poszkoleniowym.<\/p><p>Moim celem jest rozw\u00f3j i motywowanie kursantek,\u00a0<span style=\"color: var( --e-global-color-text ); font-family: var( --e-global-typography-text-font-family ), Sans-serif; font-size: var( --e-global-typography-text-font-size ); font-style: var( --e-global-typography-text-font-style ); font-weight: var( --e-global-typography-text-font-weight ); letter-spacing: var( --e-global-typography-text-letter-spacing ); text-transform: var( --e-global-typography-text-text-transform ); word-spacing: var( --e-global-typography-text-word-spacing ); text-align: var(--text-align); background-color: transparent;\">aby mog\u0142y odnie\u015b\u0107 sukces w stylizacji rz\u0119s.<\/span><\/p>\t\t\t\t\t\t\t\t<\/div>\n\t\t\t\t<\/div>\n\t\t\t\t<div class=\"elementor-element elementor-element-7ca29ad5 elementor-align-left elementor-mobile-align-center elementor-widget elementor-widget-button\" data-id=\"7ca29ad5\" data-element_type=\"widget\" data-widget_type=\"button.default\">\n\t\t\t\t<div class=\"elementor-widget-container\">\n\t\t\t\t\t\t\t\t\t<div class=\"elementor-button-wrapper\">\n\t\t\t\t\t<a class=\"elementor-button elementor-button-link elementor-size-sm elementor-animation-hang\" href=\"#\">\n\t\t\t\t\t\t<span class=\"elementor-button-content-wrapper\">\n\t\t\t\t\t\t\t\t\t<span class=\"elementor-button-text\">PRZECZYTAJ wi\u0119cej \u27f6<\/span>\n\t\t\t\t\t<\/span>\n\t\t\t\t\t<\/a>\n\t\t\t\t<\/div>\n\t\t\t\t\t\t\t\t<\/div>\n\t\t\t\t<\/div>\n\t\t\t\t<\/div>\n\t\t\t\t\t<\/div>\n\t\t\t\t<\/div>\n\t\t<div class=\"elementor-element elementor-element-3d1b4bb2 e-flex e-con-boxed e-con e-parent\" data-id=\"3d1b4bb2\" data-element_type=\"container\">\n\t\t\t\t\t<div class=\"e-con-inner\">\n\t\t\t\t<div class=\"elementor-element elementor-element-1f8086bf elementor-invisible elementor-widget elementor-widget-heading\" data-id=\"1f8086bf\" data-element_type=\"widget\" data-settings=\"{&quot;_animation&quot;:&quot;fadeIn&quot;}\" data-widget_type=\"heading.default\">\n\t\t\t\t<div class=\"elementor-widget-container\">\n\t\t\t\t\t<h2 class=\"elementor-heading-title elementor-size-default\">POZNAJ OFERT\u0118<\/h2>\t\t\t\t<\/div>\n\t\t\t\t<\/div>\n\t\t<div class=\"elementor-element elementor-element-306a0708 e-con-full e-flex e-con e-child\" data-id=\"306a0708\" data-element_type=\"container\">\n\t\t\t\t<\/div>\n\t\t\t\t<div class=\"elementor-element elementor-element-7b69e5d0 elementor-align-center elementor-widget elementor-widget-button\" data-id=\"7b69e5d0\" data-element_type=\"widget\" data-widget_type=\"button.default\">\n\t\t\t\t<div class=\"elementor-widget-container\">\n\t\t\t\t\t\t\t\t\t<div class=\"elementor-button-wrapper\">\n\t\t\t\t\t<a class=\"elementor-button elementor-button-link elementor-size-sm elementor-animation-hang\" href=\"#\">\n\t\t\t\t\t\t<span class=\"elementor-button-content-wrapper\">\n\t\t\t\t\t\t\t\t\t<span class=\"elementor-button-text\">PRZEJD\u0179 DO OFERTY \u27f6<\/span>\n\t\t\t\t\t<\/span>\n\t\t\t\t\t<\/a>\n\t\t\t\t<\/div>\n\t\t\t\t\t\t\t\t<\/div>\n\t\t\t\t<\/div>\n\t\t\t\t\t<\/div>\n\t\t\t\t<\/div>\n\t\t<div class=\"elementor-element elementor-element-6b404800 e-flex e-con-boxed e-con e-parent\" data-id=\"6b404800\" data-element_type=\"container\" data-settings=\"{&quot;background_background&quot;:&quot;classic&quot;}\">\n\t\t\t\t\t<div class=\"e-con-inner\">\n\t\t\t\t<div class=\"elementor-element elementor-element-443095a0 elementor-invisible elementor-widget elementor-widget-heading\" data-id=\"443095a0\" data-element_type=\"widget\" data-settings=\"{&quot;_animation&quot;:&quot;fadeIn&quot;}\" data-widget_type=\"heading.default\">\n\t\t\t\t<div class=\"elementor-widget-container\">\n\t\t\t\t\t<h2 class=\"elementor-heading-title elementor-size-default\">OPINIE KLIENT\u00d3W<\/h2>\t\t\t\t<\/div>\n\t\t\t\t<\/div>\n\t\t<div class=\"elementor-element elementor-element-19dd34db e-con-full e-flex e-con e-child\" data-id=\"19dd34db\" data-element_type=\"container\">\n\t\t<div class=\"elementor-element elementor-element-68e979d1 e-con-full e-flex e-con e-child\" data-id=\"68e979d1\" data-element_type=\"container\">\n\t\t\t\t<div class=\"elementor-element elementor-element-36ac5a15 elementor--star-style-star_unicode elementor-widget elementor-widget-star-rating\" data-id=\"36ac5a15\" data-element_type=\"widget\" data-widget_type=\"star-rating.default\">\n\t\t\t\t<div class=\"elementor-widget-container\">\n\t\t\t\t\t\n\t\t<div class=\"elementor-star-rating__wrapper\">\n\t\t\t\t\t\t<div class=\"elementor-star-rating\" title=\"5\/5\" itemtype=\"http:\/\/schema.org\/Rating\" itemscope=\"\" itemprop=\"reviewRating\"><i class=\"elementor-star-full\">&#9733;<\/i><i class=\"elementor-star-full\">&#9733;<\/i><i class=\"elementor-star-full\">&#9733;<\/i><i class=\"elementor-star-full\">&#9733;<\/i><i class=\"elementor-star-full\">&#9733;<\/i> <span itemprop=\"ratingValue\" class=\"elementor-screen-only\">5\/5<\/span><\/div>\t\t<\/div>\n\t\t\t\t\t\t<\/div>\n\t\t\t\t<\/div>\n\t\t\t\t<div class=\"elementor-element elementor-element-1695501c elementor-widget elementor-widget-testimonial\" data-id=\"1695501c\" data-element_type=\"widget\" data-widget_type=\"testimonial.default\">\n\t\t\t\t<div class=\"elementor-widget-container\">\n\t\t\t\t\t\t\t<div class=\"elementor-testimonial-wrapper\">\n\t\t\t\t\t\t\t<div class=\"elementor-testimonial-content\">Profesjonalistka ! Szkolenia u Agi s\u0105 bardzo warto\u015bciowe i prowadzone na najwy\u017cszym poziomie. Bardzo du\u017ca dawka wiedzy przekazywana w odpowiedni spos\u00f3b. Poza tym sama Pani Instruktor to bardzo sympatyczna i ciep\u0142a osoba. Ciesz\u0119 si\u0119, \u017ce trafi\u0142am na Ciebie! \u2764\ufe0f<\/div>\n\t\t\t\n\t\t\t\t\t\t<div class=\"elementor-testimonial-meta\">\n\t\t\t\t<div class=\"elementor-testimonial-meta-inner\">\n\t\t\t\t\t\n\t\t\t\t\t\t\t\t\t\t<div class=\"elementor-testimonial-details\">\n\t\t\t\t\t\t\t\t\t\t\t\t\t\t<div class=\"elementor-testimonial-name\">Emilia Karczewska<\/div>\n\t\t\t\t\t\t\t\t\t\t\t\t\t\t\t\t\t\t\t<\/div>\n\t\t\t\t\t\t\t\t\t<\/div>\n\t\t\t<\/div>\n\t\t\t\t\t<\/div>\n\t\t\t\t\t\t<\/div>\n\t\t\t\t<\/div>\n\t\t\t\t<\/div>\n\t\t<div class=\"elementor-element elementor-element-666ef1c2 e-con-full e-flex e-con e-child\" data-id=\"666ef1c2\" data-element_type=\"container\">\n\t\t\t\t<div class=\"elementor-element elementor-element-5fb88838 elementor--star-style-star_unicode elementor-widget elementor-widget-star-rating\" data-id=\"5fb88838\" data-element_type=\"widget\" data-widget_type=\"star-rating.default\">\n\t\t\t\t<div class=\"elementor-widget-container\">\n\t\t\t\t\t\n\t\t<div class=\"elementor-star-rating__wrapper\">\n\t\t\t\t\t\t<div class=\"elementor-star-rating\" title=\"5\/5\" itemtype=\"http:\/\/schema.org\/Rating\" itemscope=\"\" itemprop=\"reviewRating\"><i class=\"elementor-star-full\">&#9733;<\/i><i class=\"elementor-star-full\">&#9733;<\/i><i class=\"elementor-star-full\">&#9733;<\/i><i class=\"elementor-star-full\">&#9733;<\/i><i class=\"elementor-star-full\">&#9733;<\/i> <span itemprop=\"ratingValue\" class=\"elementor-screen-only\">5\/5<\/span><\/div>\t\t<\/div>\n\t\t\t\t\t\t<\/div>\n\t\t\t\t<\/div>\n\t\t\t\t<div class=\"elementor-element elementor-element-53e41253 elementor-widget elementor-widget-testimonial\" data-id=\"53e41253\" data-element_type=\"widget\" data-widget_type=\"testimonial.default\">\n\t\t\t\t<div class=\"elementor-widget-container\">\n\t\t\t\t\t\t\t<div class=\"elementor-testimonial-wrapper\">\n\t\t\t\t\t\t\t<div class=\"elementor-testimonial-content\">Agnieszka to wyj\u0105tkowy szkoleniowiec, kt\u00f3ry zara\u017ca swoj\u0105 pasj\u0105 i zaanga\u017cowaniem. Jej empatia, cierpliwo\u015b\u0107 i wyrozumia\u0142o\u015b\u0107 sprawiaj\u0105, \u017ce ka\u017cde szkolenie staje si\u0119 nie tylko \u017ar\u00f3d\u0142em wiedzy, ale tak\u017ce przyjemnym do\u015bwiadczeniem. Polecam ka\u017cdemu \u2665\ufe0f\n<\/div>\n\t\t\t\n\t\t\t\t\t\t<div class=\"elementor-testimonial-meta\">\n\t\t\t\t<div class=\"elementor-testimonial-meta-inner\">\n\t\t\t\t\t\n\t\t\t\t\t\t\t\t\t\t<div class=\"elementor-testimonial-details\">\n\t\t\t\t\t\t\t\t\t\t\t\t\t\t<div class=\"elementor-testimonial-name\">Magdalena Brzuzka<\/div>\n\t\t\t\t\t\t\t\t\t\t\t\t\t\t\t\t\t\t\t<\/div>\n\t\t\t\t\t\t\t\t\t<\/div>\n\t\t\t<\/div>\n\t\t\t\t\t<\/div>\n\t\t\t\t\t\t<\/div>\n\t\t\t\t<\/div>\n\t\t\t\t<div class=\"elementor-element elementor-element-526f246 elementor-widget elementor-widget-spacer\" data-id=\"526f246\" data-element_type=\"widget\" data-widget_type=\"spacer.default\">\n\t\t\t\t<div class=\"elementor-widget-container\">\n\t\t\t\t\t\t\t<div class=\"elementor-spacer\">\n\t\t\t<div class=\"elementor-spacer-inner\"><\/div>\n\t\t<\/div>\n\t\t\t\t\t\t<\/div>\n\t\t\t\t<\/div>\n\t\t<div class=\"elementor-element elementor-element-57d04e6 e-con-full e-flex e-con e-child\" data-id=\"57d04e6\" data-element_type=\"container\">\n\t\t\t\t<div class=\"elementor-element elementor-element-b9676f0 elementor-widget__width-initial elementor-align-center elementor-widget elementor-widget-button\" data-id=\"b9676f0\" data-element_type=\"widget\" data-widget_type=\"button.default\">\n\t\t\t\t<div class=\"elementor-widget-container\">\n\t\t\t\t\t\t\t\t\t<div class=\"elementor-button-wrapper\">\n\t\t\t\t\t<a class=\"elementor-button elementor-button-link elementor-size-sm\" href=\"#\">\n\t\t\t\t\t\t<span class=\"elementor-button-content-wrapper\">\n\t\t\t\t\t\t\t\t\t<span class=\"elementor-button-text\">POZNAJ WI\u0118CEJ OPINII<\/span>\n\t\t\t\t\t<\/span>\n\t\t\t\t\t<\/a>\n\t\t\t\t<\/div>\n\t\t\t\t\t\t\t\t<\/div>\n\t\t\t\t<\/div>\n\t\t\t\t<\/div>\n\t\t\t\t<\/div>\n\t\t<div class=\"elementor-element elementor-element-228d8d49 e-con-full e-flex e-con e-child\" data-id=\"228d8d49\" data-element_type=\"container\">\n\t\t\t\t<div class=\"elementor-element elementor-element-6b12973e elementor--star-style-star_unicode elementor-widget elementor-widget-star-rating\" data-id=\"6b12973e\" data-element_type=\"widget\" data-widget_type=\"star-rating.default\">\n\t\t\t\t<div class=\"elementor-widget-container\">\n\t\t\t\t\t\n\t\t<div class=\"elementor-star-rating__wrapper\">\n\t\t\t\t\t\t<div class=\"elementor-star-rating\" title=\"5\/5\" itemtype=\"http:\/\/schema.org\/Rating\" itemscope=\"\" itemprop=\"reviewRating\"><i class=\"elementor-star-full\">&#9733;<\/i><i class=\"elementor-star-full\">&#9733;<\/i><i class=\"elementor-star-full\">&#9733;<\/i><i class=\"elementor-star-full\">&#9733;<\/i><i class=\"elementor-star-full\">&#9733;<\/i> <span itemprop=\"ratingValue\" class=\"elementor-screen-only\">5\/5<\/span><\/div>\t\t<\/div>\n\t\t\t\t\t\t<\/div>\n\t\t\t\t<\/div>\n\t\t\t\t<div class=\"elementor-element elementor-element-41c47c59 elementor-widget elementor-widget-testimonial\" data-id=\"41c47c59\" data-element_type=\"widget\" data-widget_type=\"testimonial.default\">\n\t\t\t\t<div class=\"elementor-widget-container\">\n\t\t\t\t\t\t\t<div class=\"elementor-testimonial-wrapper\">\n\t\t\t\t\t\t\t<div class=\"elementor-testimonial-content\">Z ca\u0142ego serca polecam \u2764\ufe0f Je\u015bli szukacie konkretnego szkolenia z rz\u0119s, to lepiej nie mo\u017cna trafi\u0107! \nAgnieszka jest osob\u0105 profesjonaln\u0105, posiadaj\u0105ca ogrom wiedzy i do\u015bwiadczenia, kt\u00f3r\u0105 ch\u0119tnie i skutecznie j\u0105 przekazuje. Do tego atmosfera na szkoleniu jest rewelacyjna \ud83e\udd70<\/div>\n\t\t\t\n\t\t\t\t\t\t<div class=\"elementor-testimonial-meta\">\n\t\t\t\t<div class=\"elementor-testimonial-meta-inner\">\n\t\t\t\t\t\n\t\t\t\t\t\t\t\t\t\t<div class=\"elementor-testimonial-details\">\n\t\t\t\t\t\t\t\t\t\t\t\t\t\t<div class=\"elementor-testimonial-name\">Alicja Siegieda<\/div>\n\t\t\t\t\t\t\t\t\t\t\t\t\t\t\t\t\t\t\t<\/div>\n\t\t\t\t\t\t\t\t\t<\/div>\n\t\t\t<\/div>\n\t\t\t\t\t<\/div>\n\t\t\t\t\t\t<\/div>\n\t\t\t\t<\/div>\n\t\t\t\t<\/div>\n\t\t\t\t<\/div>\n\t\t\t\t\t<\/div>\n\t\t\t\t<\/div>\n\t\t<div class=\"elementor-element elementor-element-5bb6ee0c e-con-full e-flex e-con e-parent\" data-id=\"5bb6ee0c\" data-element_type=\"container\" data-settings=\"{&quot;background_background&quot;:&quot;classic&quot;}\">\n\t\t<div class=\"elementor-element elementor-element-1e23400f e-con-full e-flex e-con e-child\" data-id=\"1e23400f\" data-element_type=\"container\" data-settings=\"{&quot;background_background&quot;:&quot;classic&quot;}\">\n\t\t\t\t<div class=\"elementor-element elementor-element-761885bb elementor-invisible elementor-widget elementor-widget-heading\" data-id=\"761885bb\" data-element_type=\"widget\" data-settings=\"{&quot;_animation&quot;:&quot;fadeIn&quot;}\" data-widget_type=\"heading.default\">\n\t\t\t\t<div class=\"elementor-widget-container\">\n\t\t\t\t\t<h2 class=\"elementor-heading-title elementor-size-default\">POZOSTAJEMY W KONTAKCIE<\/h2>\t\t\t\t<\/div>\n\t\t\t\t<\/div>\n\t\t\t\t<div class=\"elementor-element elementor-element-219fbfff elementor-align-center elementor-widget elementor-widget-button\" data-id=\"219fbfff\" data-element_type=\"widget\" data-widget_type=\"button.default\">\n\t\t\t\t<div class=\"elementor-widget-container\">\n\t\t\t\t\t\t\t\t\t<div class=\"elementor-button-wrapper\">\n\t\t\t\t\t<a class=\"elementor-button elementor-button-link elementor-size-sm elementor-animation-hang\" href=\"#\">\n\t\t\t\t\t\t<span class=\"elementor-button-content-wrapper\">\n\t\t\t\t\t\t\t\t\t<span class=\"elementor-button-text\">KONTAKT \u27f6<\/span>\n\t\t\t\t\t<\/span>\n\t\t\t\t\t<\/a>\n\t\t\t\t<\/div>\n\t\t\t\t\t\t\t\t<\/div>\n\t\t\t\t<\/div>\n\t\t\t\t<\/div>\n\t\t<div class=\"elementor-element elementor-element-1d6b3811 e-con-full e-flex e-con e-child\" data-id=\"1d6b3811\" data-element_type=\"container\" data-settings=\"{&quot;background_background&quot;:&quot;classic&quot;}\">\n\t\t\t\t<div class=\"elementor-element elementor-element-51ff9a6 elementor-widget elementor-widget-spacer\" data-id=\"51ff9a6\" data-element_type=\"widget\" data-widget_type=\"spacer.default\">\n\t\t\t\t<div class=\"elementor-widget-container\">\n\t\t\t\t\t\t\t<div class=\"elementor-spacer\">\n\t\t\t<div class=\"elementor-spacer-inner\"><\/div>\n\t\t<\/div>\n\t\t\t\t\t\t<\/div>\n\t\t\t\t<\/div>\n\t\t\t\t<\/div>\n\t\t\t\t<\/div>\n\t\t\t\t<\/div>\n\t\t","protected":false},"excerpt":{"rendered":"<p>,,Pami\u0119taj, \u017ce kluczem do sukcesu jest determinacja i praktyka. \u0106wicz regularnie i d\u0105\u017c do spe\u0142nienia swoich marze\u0144!&#8221; Agnieszka Szyma\u0144ska Instruktor \/ W\u0142a\u015bciciel Lash Academy Jestem do\u015bwiadczonym instruktorem rz\u0119s z ponad 10-letnim sta\u017cem w bran\u017cy. W mojej Akademii oferuj\u0119 szkolenia oparte na nowoczesnych technikach, indywidualnym podej\u015bciu i wsparciu poszkoleniowym. Moim celem jest rozw\u00f3j i motywowanie kursantek,\u00a0aby [&hellip;]<\/p>\n","protected":false},"author":1,"featured_media":0,"parent":0,"menu_order":0,"comment_status":"closed","ping_status":"closed","template":"","meta":{"footnotes":""},"class_list":["post-40","page","type-page","status-publish","hentry"],"_links":{"self":[{"href":"https:\/\/lashacademy.nl\/index.php?rest_route=\/wp\/v2\/pages\/40","targetHints":{"allow":["GET"]}}],"collection":[{"href":"https:\/\/lashacademy.nl\/index.php?rest_route=\/wp\/v2\/pages"}],"about":[{"href":"https:\/\/lashacademy.nl\/index.php?rest_route=\/wp\/v2\/types\/page"}],"author":[{"embeddable":true,"href":"https:\/\/lashacademy.nl\/index.php?rest_route=\/wp\/v2\/users\/1"}],"replies":[{"embeddable":true,"href":"https:\/\/lashacademy.nl\/index.php?rest_route=%2Fwp%2Fv2%2Fcomments&post=40"}],"version-history":[{"count":255,"href":"https:\/\/lashacademy.nl\/index.php?rest_route=\/wp\/v2\/pages\/40\/revisions"}],"predecessor-version":[{"id":923,"href":"https:\/\/lashacademy.nl\/index.php?rest_route=\/wp\/v2\/pages\/40\/revisions\/923"}],"wp:attachment":[{"href":"https:\/\/lashacademy.nl\/index.php?rest_route=%2Fwp%2Fv2%2Fmedia&parent=40"}],"curies":[{"name":"wp","href":"https:\/\/api.w.org\/{rel}","templated":true}]}}