{"id":382,"date":"2024-11-28T13:55:19","date_gmt":"2024-11-28T12:55:19","guid":{"rendered":"https:\/\/lashacademy.nl\/?page_id=382"},"modified":"2025-05-01T12:36:16","modified_gmt":"2025-05-01T10:36:16","slug":"szkolenie-mega-volume-5-8d","status":"publish","type":"page","link":"https:\/\/lashacademy.nl\/?page_id=382","title":{"rendered":"Szkolenie mega volume 5-8D"},"content":{"rendered":"\t\t<div data-elementor-type=\"wp-page\" data-elementor-id=\"382\" class=\"elementor elementor-382\">\n\t\t\t\t<div class=\"elementor-element elementor-element-279e7c9d e-flex e-con-boxed e-con e-parent\" data-id=\"279e7c9d\" data-element_type=\"container\" data-settings=\"{&quot;background_background&quot;:&quot;classic&quot;}\">\n\t\t\t\t\t<div class=\"e-con-inner\">\n\t\t\t\t<div class=\"elementor-element elementor-element-1d3a2606 elementor-invisible elementor-widget elementor-widget-heading\" data-id=\"1d3a2606\" data-element_type=\"widget\" data-settings=\"{&quot;_animation&quot;:&quot;fadeIn&quot;}\" data-widget_type=\"heading.default\">\n\t\t\t\t<div class=\"elementor-widget-container\">\n\t\t\t\t\t<h1 class=\"elementor-heading-title elementor-size-default\">Szkolenie mega volume 5-8D<\/h1>\t\t\t\t<\/div>\n\t\t\t\t<\/div>\n\t\t\t\t\t<\/div>\n\t\t\t\t<\/div>\n\t\t<div class=\"elementor-element elementor-element-54f30c50 e-con-full e-flex e-con e-parent\" data-id=\"54f30c50\" data-element_type=\"container\">\n\t\t<div class=\"elementor-element elementor-element-1f1604f7 e-con-full e-flex e-con e-child\" data-id=\"1f1604f7\" data-element_type=\"container\" data-settings=\"{&quot;background_background&quot;:&quot;classic&quot;}\">\n\t\t\t\t<div class=\"elementor-element elementor-element-1d791f54 elementor-pagination-position-outside elementor-widget elementor-widget-image-carousel\" data-id=\"1d791f54\" data-element_type=\"widget\" data-settings=\"{&quot;slides_to_show&quot;:&quot;1&quot;,&quot;navigation&quot;:&quot;dots&quot;,&quot;pause_on_hover&quot;:&quot;no&quot;,&quot;autoplay_speed&quot;:4000,&quot;effect&quot;:&quot;fade&quot;,&quot;autoplay&quot;:&quot;yes&quot;,&quot;pause_on_interaction&quot;:&quot;yes&quot;,&quot;infinite&quot;:&quot;yes&quot;,&quot;speed&quot;:500}\" data-widget_type=\"image-carousel.default\">\n\t\t\t\t<div class=\"elementor-widget-container\">\n\t\t\t\t\t\t\t<div class=\"elementor-image-carousel-wrapper swiper\" role=\"region\" aria-roledescription=\"carousel\" aria-label=\"Karuzela obrazk\u00f3w\" dir=\"ltr\">\n\t\t\t<div class=\"elementor-image-carousel swiper-wrapper swiper-image-stretch\" aria-live=\"off\">\n\t\t\t\t\t\t\t\t<div class=\"swiper-slide\" role=\"group\" aria-roledescription=\"slide\" aria-label=\"1 z 1\"><figure class=\"swiper-slide-inner\"><img decoding=\"async\" class=\"swiper-slide-image\" src=\"https:\/\/lashacademy.nl\/wp-content\/uploads\/2025\/05\/31.jpg\" alt=\"31\" \/><\/figure><\/div>\t\t\t<\/div>\n\t\t\t\t\t<\/div>\n\t\t\t\t\t\t<\/div>\n\t\t\t\t<\/div>\n\t\t\t\t<\/div>\n\t\t<div class=\"elementor-element elementor-element-17b29d67 e-con-full e-flex e-con e-child\" data-id=\"17b29d67\" data-element_type=\"container\">\n\t\t\t\t<div class=\"elementor-element elementor-element-2b3925d5 elementor-invisible elementor-widget elementor-widget-heading\" data-id=\"2b3925d5\" data-element_type=\"widget\" data-settings=\"{&quot;_animation&quot;:&quot;fadeIn&quot;}\" data-widget_type=\"heading.default\">\n\t\t\t\t<div class=\"elementor-widget-container\">\n\t\t\t\t\t<h3 class=\"elementor-heading-title elementor-size-default\">2-dniowe + 1 ekstra dzie\u0144 praktyki <br>na modelce  \n<\/h3>\t\t\t\t<\/div>\n\t\t\t\t<\/div>\n\t\t\t\t<div class=\"elementor-element elementor-element-2360b6b1 elementor-widget-divider--view-line elementor-widget elementor-widget-divider\" data-id=\"2360b6b1\" data-element_type=\"widget\" data-widget_type=\"divider.default\">\n\t\t\t\t<div class=\"elementor-widget-container\">\n\t\t\t\t\t\t\t<div class=\"elementor-divider\">\n\t\t\t<span class=\"elementor-divider-separator\">\n\t\t\t\t\t\t<\/span>\n\t\t<\/div>\n\t\t\t\t\t\t<\/div>\n\t\t\t\t<\/div>\n\t\t\t\t<\/div>\n\t\t\t\t<\/div>\n\t\t<div class=\"elementor-element elementor-element-7010f00f e-con-full e-flex e-con e-parent\" data-id=\"7010f00f\" data-element_type=\"container\" data-settings=\"{&quot;background_background&quot;:&quot;classic&quot;}\">\n\t\t<div class=\"elementor-element elementor-element-210f2698 e-con-full e-flex e-con e-child\" data-id=\"210f2698\" data-element_type=\"container\">\n\t\t\t\t<div class=\"elementor-element elementor-element-4d641f55 elementor-widget elementor-widget-image\" data-id=\"4d641f55\" data-element_type=\"widget\" data-widget_type=\"image.default\">\n\t\t\t\t<div class=\"elementor-widget-container\">\n\t\t\t\t\t\t\t\t\t\t\t\t\t\t\t<img fetchpriority=\"high\" decoding=\"async\" width=\"483\" height=\"483\" src=\"https:\/\/lashacademy.nl\/wp-content\/uploads\/2024\/11\/ikona-logo-1.png\" class=\"attachment-large size-large wp-image-175\" alt=\"\" srcset=\"https:\/\/lashacademy.nl\/wp-content\/uploads\/2024\/11\/ikona-logo-1.png 483w, https:\/\/lashacademy.nl\/wp-content\/uploads\/2024\/11\/ikona-logo-1-300x300.png 300w, https:\/\/lashacademy.nl\/wp-content\/uploads\/2024\/11\/ikona-logo-1-150x150.png 150w\" sizes=\"(max-width: 483px) 100vw, 483px\" \/>\t\t\t\t\t\t\t\t\t\t\t\t\t\t\t<\/div>\n\t\t\t\t<\/div>\n\t\t\t\t<div class=\"elementor-element elementor-element-481966a5 elementor-invisible elementor-widget elementor-widget-heading\" data-id=\"481966a5\" data-element_type=\"widget\" data-settings=\"{&quot;_animation&quot;:&quot;fadeIn&quot;}\" data-widget_type=\"heading.default\">\n\t\t\t\t<div class=\"elementor-widget-container\">\n\t\t\t\t\t<h2 class=\"elementor-heading-title elementor-size-default\">1 dzie\u0144 <\/h2>\t\t\t\t<\/div>\n\t\t\t\t<\/div>\n\t\t\t\t<div class=\"elementor-element elementor-element-110d8e29 elementor-widget__width-initial elementor-widget-mobile__width-inherit elementor-widget elementor-widget-text-editor\" data-id=\"110d8e29\" data-element_type=\"widget\" data-widget_type=\"text-editor.default\">\n\t\t\t\t<div class=\"elementor-widget-container\">\n\t\t\t\t\t\t\t\t\t<p><span style=\"font-weight: 400;\">teoria + nauka tworzenia k\u0119pek\u00a0 &#8211; 8 godzin<\/span><\/p>\t\t\t\t\t\t\t\t<\/div>\n\t\t\t\t<\/div>\n\t\t\t\t<\/div>\n\t\t\t\t<\/div>\n\t\t<div class=\"elementor-element elementor-element-60db7e95 e-con-full e-flex e-con e-parent\" data-id=\"60db7e95\" data-element_type=\"container\">\n\t\t<div class=\"elementor-element elementor-element-13d78aa6 e-con-full e-flex e-con e-child\" data-id=\"13d78aa6\" data-element_type=\"container\">\n\t\t\t\t<div class=\"elementor-element elementor-element-50cba7c elementor-widget elementor-widget-text-editor\" data-id=\"50cba7c\" data-element_type=\"widget\" data-widget_type=\"text-editor.default\">\n\t\t\t\t<div class=\"elementor-widget-container\">\n\t\t\t\t\t\t\t\t\t<ul><li><span style=\"font-weight: 400;\">asymetria oczu\u00a0<\/span><\/li><li><span style=\"font-weight: 400;\">protezy\u00a0\u00a0<\/span><\/li><li><span style=\"font-weight: 400;\">Zalety i wady metod 5D-8D\u00a0<\/span><\/li><li><span style=\"font-weight: 400;\">charakterystyka rz\u0119s do du\u017cych obj\u0119to\u015bci\u00a0<\/span><\/li><\/ul>\t\t\t\t\t\t\t\t<\/div>\n\t\t\t\t<\/div>\n\t\t\t\t<div class=\"elementor-element elementor-element-34078f1a elementor-widget elementor-widget-spacer\" data-id=\"34078f1a\" data-element_type=\"widget\" data-widget_type=\"spacer.default\">\n\t\t\t\t<div class=\"elementor-widget-container\">\n\t\t\t\t\t\t\t<div class=\"elementor-spacer\">\n\t\t\t<div class=\"elementor-spacer-inner\"><\/div>\n\t\t<\/div>\n\t\t\t\t\t\t<\/div>\n\t\t\t\t<\/div>\n\t\t\t\t<div class=\"elementor-element elementor-element-164c2247 elementor-align-center elementor-widget elementor-widget-button\" data-id=\"164c2247\" data-element_type=\"widget\" data-widget_type=\"button.default\">\n\t\t\t\t<div class=\"elementor-widget-container\">\n\t\t\t\t\t\t\t\t\t<div class=\"elementor-button-wrapper\">\n\t\t\t\t\t<a class=\"elementor-button elementor-button-link elementor-size-sm elementor-animation-hang\" href=\"#\">\n\t\t\t\t\t\t<span class=\"elementor-button-content-wrapper\">\n\t\t\t\t\t\t\t\t\t<span class=\"elementor-button-text\">KONATKT \u27f6<\/span>\n\t\t\t\t\t<\/span>\n\t\t\t\t\t<\/a>\n\t\t\t\t<\/div>\n\t\t\t\t\t\t\t\t<\/div>\n\t\t\t\t<\/div>\n\t\t\t\t<\/div>\n\t\t<div class=\"elementor-element elementor-element-65e514ab e-con-full e-flex e-con e-child\" data-id=\"65e514ab\" data-element_type=\"container\" data-settings=\"{&quot;background_background&quot;:&quot;classic&quot;}\">\n\t\t\t\t<div class=\"elementor-element elementor-element-24d5ab39 elementor-widget elementor-widget-text-editor\" data-id=\"24d5ab39\" data-element_type=\"widget\" data-widget_type=\"text-editor.default\">\n\t\t\t\t<div class=\"elementor-widget-container\">\n\t\t\t\t\t\t\t\t\t<ul><li><span style=\"font-weight: 400;\">dob\u00f3r rz\u0119s , umiej\u0119tno\u015b\u0107 dobierania odpowiedniej d\u0142ugo\u015bci, grubo\u015bci oraz\u00a0 profilu rz\u0119s\u00a0\u00a0<\/span><\/li><li><span style=\"font-weight: 400;\">techniki tworzenia k\u0119pek 4D-8D* \u2013 Poznasz r\u00f3\u017cne metody formowania k\u0119pek -charakterystyka idealnej k\u0119pki\u00a0<\/span><\/li><li><span style=\"font-weight: 400;\">praca na rz\u0119dowo\u015bci przy du\u017cych obj\u0119to\u015bciach, jak efektywnie pracowa\u0107 z\u00a0 rz\u0119sami w rz\u0119dach\u00a0<\/span><\/li><li><span style=\"font-weight: 400;\">techniki mocowania k\u0119pek<\/span><\/li><\/ul>\t\t\t\t\t\t\t\t<\/div>\n\t\t\t\t<\/div>\n\t\t\t\t<div class=\"elementor-element elementor-element-3425de79 elementor-widget elementor-widget-spacer\" data-id=\"3425de79\" data-element_type=\"widget\" data-widget_type=\"spacer.default\">\n\t\t\t\t<div class=\"elementor-widget-container\">\n\t\t\t\t\t\t\t<div class=\"elementor-spacer\">\n\t\t\t<div class=\"elementor-spacer-inner\"><\/div>\n\t\t<\/div>\n\t\t\t\t\t\t<\/div>\n\t\t\t\t<\/div>\n\t\t\t\t<div class=\"elementor-element elementor-element-540e1419 elementor-align-center elementor-widget elementor-widget-button\" data-id=\"540e1419\" data-element_type=\"widget\" data-widget_type=\"button.default\">\n\t\t\t\t<div class=\"elementor-widget-container\">\n\t\t\t\t\t\t\t\t\t<div class=\"elementor-button-wrapper\">\n\t\t\t\t\t<a class=\"elementor-button elementor-button-link elementor-size-sm elementor-animation-hang\" href=\"#\">\n\t\t\t\t\t\t<span class=\"elementor-button-content-wrapper\">\n\t\t\t\t\t\t\t\t\t<span class=\"elementor-button-text\">KONATKT \u27f6<\/span>\n\t\t\t\t\t<\/span>\n\t\t\t\t\t<\/a>\n\t\t\t\t<\/div>\n\t\t\t\t\t\t\t\t<\/div>\n\t\t\t\t<\/div>\n\t\t\t\t<\/div>\n\t\t\t\t<\/div>\n\t\t<div class=\"elementor-element elementor-element-aa78614 e-con-full e-flex e-con e-parent\" data-id=\"aa78614\" data-element_type=\"container\" data-settings=\"{&quot;background_background&quot;:&quot;classic&quot;}\">\n\t\t<div class=\"elementor-element elementor-element-b652864 e-con-full e-flex e-con e-child\" data-id=\"b652864\" data-element_type=\"container\">\n\t\t\t\t<div class=\"elementor-element elementor-element-16ca9763 elementor-widget elementor-widget-image\" data-id=\"16ca9763\" data-element_type=\"widget\" data-widget_type=\"image.default\">\n\t\t\t\t<div class=\"elementor-widget-container\">\n\t\t\t\t\t\t\t\t\t\t\t\t\t\t\t<img fetchpriority=\"high\" decoding=\"async\" width=\"483\" height=\"483\" src=\"https:\/\/lashacademy.nl\/wp-content\/uploads\/2024\/11\/ikona-logo-1.png\" class=\"attachment-large size-large wp-image-175\" alt=\"\" srcset=\"https:\/\/lashacademy.nl\/wp-content\/uploads\/2024\/11\/ikona-logo-1.png 483w, https:\/\/lashacademy.nl\/wp-content\/uploads\/2024\/11\/ikona-logo-1-300x300.png 300w, https:\/\/lashacademy.nl\/wp-content\/uploads\/2024\/11\/ikona-logo-1-150x150.png 150w\" sizes=\"(max-width: 483px) 100vw, 483px\" \/>\t\t\t\t\t\t\t\t\t\t\t\t\t\t\t<\/div>\n\t\t\t\t<\/div>\n\t\t\t\t<div class=\"elementor-element elementor-element-56a961e6 elementor-invisible elementor-widget elementor-widget-heading\" data-id=\"56a961e6\" data-element_type=\"widget\" data-settings=\"{&quot;_animation&quot;:&quot;fadeIn&quot;}\" data-widget_type=\"heading.default\">\n\t\t\t\t<div class=\"elementor-widget-container\">\n\t\t\t\t\t<h2 class=\"elementor-heading-title elementor-size-default\">2 dzie\u0144 <\/h2>\t\t\t\t<\/div>\n\t\t\t\t<\/div>\n\t\t\t\t<div class=\"elementor-element elementor-element-73d0bb0e elementor-widget__width-initial elementor-widget-mobile__width-inherit elementor-widget elementor-widget-text-editor\" data-id=\"73d0bb0e\" data-element_type=\"widget\" data-widget_type=\"text-editor.default\">\n\t\t\t\t<div class=\"elementor-widget-container\">\n\t\t\t\t\t\t\t\t\t<p><span style=\"font-weight: 400;\">Cz\u0119\u015b\u0107 praktyczna na modelce\u00a0 <\/span><\/p>\t\t\t\t\t\t\t\t<\/div>\n\t\t\t\t<\/div>\n\t\t\t\t<\/div>\n\t\t\t\t<\/div>\n\t\t<div class=\"elementor-element elementor-element-9e305d e-con-full e-flex e-con e-parent\" data-id=\"9e305d\" data-element_type=\"container\">\n\t\t<div class=\"elementor-element elementor-element-26bc1925 e-con-full e-flex e-con e-child\" data-id=\"26bc1925\" data-element_type=\"container\">\n\t\t\t\t<div class=\"elementor-element elementor-element-3a45a03f elementor-widget elementor-widget-text-editor\" data-id=\"3a45a03f\" data-element_type=\"widget\" data-widget_type=\"text-editor.default\">\n\t\t\t\t<div class=\"elementor-widget-container\">\n\t\t\t\t\t\t\t\t\t<ul><li><span style=\"font-weight: 400;\">om\u00f3wienie ankiety kwalifikacyjnej\u00a0<\/span><\/li><li><span style=\"font-weight: 400;\">analiza oczu\u00a0\u00a0<\/span><\/li><li><span style=\"font-weight: 400;\">om\u00f3wienie mapy rz\u0119s\u00a0<\/span><\/li><li><span style=\"font-weight: 400;\">praktyczna aplikacja na modelce\u00a0<\/span><\/li><\/ul>\t\t\t\t\t\t\t\t<\/div>\n\t\t\t\t<\/div>\n\t\t\t\t<div class=\"elementor-element elementor-element-505d40a8 elementor-widget elementor-widget-spacer\" data-id=\"505d40a8\" data-element_type=\"widget\" data-widget_type=\"spacer.default\">\n\t\t\t\t<div class=\"elementor-widget-container\">\n\t\t\t\t\t\t\t<div class=\"elementor-spacer\">\n\t\t\t<div class=\"elementor-spacer-inner\"><\/div>\n\t\t<\/div>\n\t\t\t\t\t\t<\/div>\n\t\t\t\t<\/div>\n\t\t\t\t<div class=\"elementor-element elementor-element-6882faed elementor-align-center elementor-widget elementor-widget-button\" data-id=\"6882faed\" data-element_type=\"widget\" data-widget_type=\"button.default\">\n\t\t\t\t<div class=\"elementor-widget-container\">\n\t\t\t\t\t\t\t\t\t<div class=\"elementor-button-wrapper\">\n\t\t\t\t\t<a class=\"elementor-button elementor-button-link elementor-size-sm elementor-animation-hang\" href=\"#\">\n\t\t\t\t\t\t<span class=\"elementor-button-content-wrapper\">\n\t\t\t\t\t\t\t\t\t<span class=\"elementor-button-text\">KONATKT \u27f6<\/span>\n\t\t\t\t\t<\/span>\n\t\t\t\t\t<\/a>\n\t\t\t\t<\/div>\n\t\t\t\t\t\t\t\t<\/div>\n\t\t\t\t<\/div>\n\t\t\t\t<\/div>\n\t\t<div class=\"elementor-element elementor-element-32be463 e-con-full e-flex e-con e-child\" data-id=\"32be463\" data-element_type=\"container\" data-settings=\"{&quot;background_background&quot;:&quot;classic&quot;}\">\n\t\t\t\t<div class=\"elementor-element elementor-element-418056dd elementor-widget elementor-widget-text-editor\" data-id=\"418056dd\" data-element_type=\"widget\" data-widget_type=\"text-editor.default\">\n\t\t\t\t<div class=\"elementor-widget-container\">\n\t\t\t\t\t\t\t\t\t<p>\u00a0<\/p><ul><li><p><span style=\"font-weight: 400;\">zdj\u0119cia po\u00a0\u00a0<\/span><\/p><\/li><li><p><span style=\"font-weight: 400;\">ocena stylizacji i om\u00f3wienie z Trenerem* \u2013 Po zako\u0144czeniu aplikacji, b\u0119dziesz\u00a0 mia\u0142a okazj\u0119 do om\u00f3wienia wykonanej pracy z Trenerem, co pozwoli na\u00a0 uzyskanie cennych wskaz\u00f3wek i wskazania ewentualnych obszar\u00f3w do\u00a0 poprawy.\u00a0<\/span><\/p><\/li><li><p><span style=\"font-weight: 400;\">Wr\u0119czenie certyfikat\u00f3w\u00a0<\/span><\/p><\/li><\/ul>\t\t\t\t\t\t\t\t<\/div>\n\t\t\t\t<\/div>\n\t\t\t\t<div class=\"elementor-element elementor-element-77948d41 elementor-widget elementor-widget-spacer\" data-id=\"77948d41\" data-element_type=\"widget\" data-widget_type=\"spacer.default\">\n\t\t\t\t<div class=\"elementor-widget-container\">\n\t\t\t\t\t\t\t<div class=\"elementor-spacer\">\n\t\t\t<div class=\"elementor-spacer-inner\"><\/div>\n\t\t<\/div>\n\t\t\t\t\t\t<\/div>\n\t\t\t\t<\/div>\n\t\t\t\t<div class=\"elementor-element elementor-element-7e2fcdc8 elementor-align-center elementor-widget elementor-widget-button\" data-id=\"7e2fcdc8\" data-element_type=\"widget\" data-widget_type=\"button.default\">\n\t\t\t\t<div class=\"elementor-widget-container\">\n\t\t\t\t\t\t\t\t\t<div class=\"elementor-button-wrapper\">\n\t\t\t\t\t<a class=\"elementor-button elementor-button-link elementor-size-sm elementor-animation-hang\" href=\"#\">\n\t\t\t\t\t\t<span class=\"elementor-button-content-wrapper\">\n\t\t\t\t\t\t\t\t\t<span class=\"elementor-button-text\">KONATKT \u27f6<\/span>\n\t\t\t\t\t<\/span>\n\t\t\t\t\t<\/a>\n\t\t\t\t<\/div>\n\t\t\t\t\t\t\t\t<\/div>\n\t\t\t\t<\/div>\n\t\t\t\t<\/div>\n\t\t\t\t<\/div>\n\t\t<div class=\"elementor-element elementor-element-74b06f12 e-con-full e-flex e-con e-parent\" data-id=\"74b06f12\" data-element_type=\"container\" data-settings=\"{&quot;background_background&quot;:&quot;classic&quot;}\">\n\t\t<div class=\"elementor-element elementor-element-17ea7485 e-con-full e-flex e-con e-child\" data-id=\"17ea7485\" data-element_type=\"container\" data-settings=\"{&quot;background_background&quot;:&quot;classic&quot;}\">\n\t\t\t\t<div class=\"elementor-element elementor-element-170742fa elementor-widget__width-initial elementor-widget elementor-widget-text-editor\" data-id=\"170742fa\" data-element_type=\"widget\" data-widget_type=\"text-editor.default\">\n\t\t\t\t<div class=\"elementor-widget-container\">\n\t\t\t\t\t\t\t\t\t<p><span style=\"font-weight: 400;\">Nasze szkolenie<\/span><\/p>\t\t\t\t\t\t\t\t<\/div>\n\t\t\t\t<\/div>\n\t\t\t\t<div class=\"elementor-element elementor-element-56035931 elementor-widget__width-initial elementor-invisible elementor-widget elementor-widget-heading\" data-id=\"56035931\" data-element_type=\"widget\" data-settings=\"{&quot;_animation&quot;:&quot;fadeIn&quot;}\" data-widget_type=\"heading.default\">\n\t\t\t\t<div class=\"elementor-widget-container\">\n\t\t\t\t\t<h2 class=\"elementor-heading-title elementor-size-default\">to doskona\u0142a okazja<\/h2>\t\t\t\t<\/div>\n\t\t\t\t<\/div>\n\t\t\t\t<div class=\"elementor-element elementor-element-436d86df elementor-widget__width-initial elementor-widget-mobile__width-inherit elementor-widget elementor-widget-text-editor\" data-id=\"436d86df\" data-element_type=\"widget\" data-widget_type=\"text-editor.default\">\n\t\t\t\t<div class=\"elementor-widget-container\">\n\t\t\t\t\t\t\t\t\t<p><span style=\"font-weight: 400;\">na rozw\u00f3j umiej\u0119tno\u015bci w zakresie stylizacji\u00a0 rz\u0119s. <\/span><\/p><p><span style=\"font-weight: 400;\">Dzi\u0119ki praktycznym \u0107wiczeniom oraz indywidualnemu podej\u015bciu <\/span><\/p><p><span style=\"font-weight: 400;\">do ka\u017cdego uczestnika, zdob\u0119dziesz pewno\u015b\u0107 siebie i wiedz\u0119 potrzebn\u0105 <\/span><\/p><p><span style=\"font-weight: 400;\">do osi\u0105gni\u0119cia sukcesu w tej bran\u017cy.<\/span><\/p><p><strong>Do\u0142\u0105cz do nas i odkryj magi\u0119 stylizacji rz\u0119s!\u00a0<\/strong><\/p>\t\t\t\t\t\t\t\t<\/div>\n\t\t\t\t<\/div>\n\t\t\t\t<div class=\"elementor-element elementor-element-be3f88d elementor-widget__width-initial elementor-widget elementor-widget-button\" data-id=\"be3f88d\" data-element_type=\"widget\" data-widget_type=\"button.default\">\n\t\t\t\t<div class=\"elementor-widget-container\">\n\t\t\t\t\t\t\t\t\t<div class=\"elementor-button-wrapper\">\n\t\t\t\t\t<a class=\"elementor-button elementor-button-link elementor-size-sm\" href=\"#\">\n\t\t\t\t\t\t<span class=\"elementor-button-content-wrapper\">\n\t\t\t\t\t\t\t\t\t<span class=\"elementor-button-text\">UM\u00d3W TERMIN<\/span>\n\t\t\t\t\t<\/span>\n\t\t\t\t\t<\/a>\n\t\t\t\t<\/div>\n\t\t\t\t\t\t\t\t<\/div>\n\t\t\t\t<\/div>\n\t\t\t\t<div class=\"elementor-element elementor-element-4c3ad135 elementor-widget elementor-widget-spacer\" data-id=\"4c3ad135\" data-element_type=\"widget\" data-widget_type=\"spacer.default\">\n\t\t\t\t<div class=\"elementor-widget-container\">\n\t\t\t\t\t\t\t<div class=\"elementor-spacer\">\n\t\t\t<div class=\"elementor-spacer-inner\"><\/div>\n\t\t<\/div>\n\t\t\t\t\t\t<\/div>\n\t\t\t\t<\/div>\n\t\t\t\t<div class=\"elementor-element elementor-element-7ebb6fc elementor-widget__width-initial elementor-widget elementor-widget-image\" data-id=\"7ebb6fc\" data-element_type=\"widget\" data-widget_type=\"image.default\">\n\t\t\t\t<div class=\"elementor-widget-container\">\n\t\t\t\t\t\t\t\t\t\t\t\t\t\t\t<img decoding=\"async\" width=\"345\" height=\"58\" src=\"https:\/\/lashacademy.nl\/wp-content\/uploads\/2024\/11\/logo-na-strone_LASH-ACADEMY.png\" class=\"attachment-large size-large wp-image-128\" alt=\"\" srcset=\"https:\/\/lashacademy.nl\/wp-content\/uploads\/2024\/11\/logo-na-strone_LASH-ACADEMY.png 345w, https:\/\/lashacademy.nl\/wp-content\/uploads\/2024\/11\/logo-na-strone_LASH-ACADEMY-300x50.png 300w\" sizes=\"(max-width: 345px) 100vw, 345px\" \/>\t\t\t\t\t\t\t\t\t\t\t\t\t\t\t<\/div>\n\t\t\t\t<\/div>\n\t\t\t\t<\/div>\n\t\t<div class=\"elementor-element elementor-element-2f337239 e-con-full e-flex e-con e-child\" data-id=\"2f337239\" data-element_type=\"container\" data-settings=\"{&quot;background_background&quot;:&quot;classic&quot;}\">\n\t\t\t\t<div class=\"elementor-element elementor-element-53e2cb1e elementor-widget elementor-widget-spacer\" data-id=\"53e2cb1e\" data-element_type=\"widget\" data-widget_type=\"spacer.default\">\n\t\t\t\t<div class=\"elementor-widget-container\">\n\t\t\t\t\t\t\t<div class=\"elementor-spacer\">\n\t\t\t<div class=\"elementor-spacer-inner\"><\/div>\n\t\t<\/div>\n\t\t\t\t\t\t<\/div>\n\t\t\t\t<\/div>\n\t\t\t\t<\/div>\n\t\t\t\t<\/div>\n\t\t\t\t<\/div>\n\t\t","protected":false},"excerpt":{"rendered":"<p>Szkolenie mega volume 5-8D 2-dniowe + 1 ekstra dzie\u0144 praktyki na modelce 1 dzie\u0144 teoria + nauka tworzenia k\u0119pek\u00a0 &#8211; 8 godzin asymetria oczu\u00a0 protezy\u00a0\u00a0 Zalety i wady metod 5D-8D\u00a0 charakterystyka rz\u0119s do du\u017cych obj\u0119to\u015bci\u00a0 KONATKT \u27f6 dob\u00f3r rz\u0119s , umiej\u0119tno\u015b\u0107 dobierania odpowiedniej d\u0142ugo\u015bci, grubo\u015bci oraz\u00a0 profilu rz\u0119s\u00a0\u00a0 techniki tworzenia k\u0119pek 4D-8D* \u2013 Poznasz r\u00f3\u017cne [&hellip;]<\/p>\n","protected":false},"author":1,"featured_media":0,"parent":0,"menu_order":0,"comment_status":"closed","ping_status":"closed","template":"","meta":{"footnotes":""},"class_list":["post-382","page","type-page","status-publish","hentry"],"_links":{"self":[{"href":"https:\/\/lashacademy.nl\/index.php?rest_route=\/wp\/v2\/pages\/382","targetHints":{"allow":["GET"]}}],"collection":[{"href":"https:\/\/lashacademy.nl\/index.php?rest_route=\/wp\/v2\/pages"}],"about":[{"href":"https:\/\/lashacademy.nl\/index.php?rest_route=\/wp\/v2\/types\/page"}],"author":[{"embeddable":true,"href":"https:\/\/lashacademy.nl\/index.php?rest_route=\/wp\/v2\/users\/1"}],"replies":[{"embeddable":true,"href":"https:\/\/lashacademy.nl\/index.php?rest_route=%2Fwp%2Fv2%2Fcomments&post=382"}],"version-history":[{"count":19,"href":"https:\/\/lashacademy.nl\/index.php?rest_route=\/wp\/v2\/pages\/382\/revisions"}],"predecessor-version":[{"id":695,"href":"https:\/\/lashacademy.nl\/index.php?rest_route=\/wp\/v2\/pages\/382\/revisions\/695"}],"wp:attachment":[{"href":"https:\/\/lashacademy.nl\/index.php?rest_route=%2Fwp%2Fv2%2Fmedia&parent=382"}],"curies":[{"name":"wp","href":"https:\/\/api.w.org\/{rel}","templated":true}]}}