{"id":380,"date":"2024-11-28T13:54:54","date_gmt":"2024-11-28T12:54:54","guid":{"rendered":"https:\/\/lashacademy.nl\/?page_id=380"},"modified":"2025-05-01T18:43:59","modified_gmt":"2025-05-01T16:43:59","slug":"szkolenie-light-volume","status":"publish","type":"page","link":"https:\/\/lashacademy.nl\/?page_id=380","title":{"rendered":"Szkolenie light volume"},"content":{"rendered":"\t\t<div data-elementor-type=\"wp-page\" data-elementor-id=\"380\" class=\"elementor elementor-380\">\n\t\t\t\t<div class=\"elementor-element elementor-element-4827b353 e-flex e-con-boxed e-con e-parent\" data-id=\"4827b353\" data-element_type=\"container\" data-settings=\"{&quot;background_background&quot;:&quot;classic&quot;}\">\n\t\t\t\t\t<div class=\"e-con-inner\">\n\t\t\t\t<div class=\"elementor-element elementor-element-76e6255c elementor-invisible elementor-widget elementor-widget-heading\" data-id=\"76e6255c\" data-element_type=\"widget\" data-settings=\"{&quot;_animation&quot;:&quot;fadeIn&quot;}\" data-widget_type=\"heading.default\">\n\t\t\t\t<div class=\"elementor-widget-container\">\n\t\t\t\t\t<h1 class=\"elementor-heading-title elementor-size-default\">Szkolenie light volume 2-4D (LEKKIE OBJ\u0118TO\u015aCI)<\/h1>\t\t\t\t<\/div>\n\t\t\t\t<\/div>\n\t\t\t\t\t<\/div>\n\t\t\t\t<\/div>\n\t\t<div class=\"elementor-element elementor-element-1c617c92 e-con-full e-flex e-con e-parent\" data-id=\"1c617c92\" data-element_type=\"container\">\n\t\t<div class=\"elementor-element elementor-element-5bd1351f e-con-full e-flex e-con e-child\" data-id=\"5bd1351f\" data-element_type=\"container\" data-settings=\"{&quot;background_background&quot;:&quot;classic&quot;}\">\n\t\t\t\t<div class=\"elementor-element elementor-element-5317e2b1 elementor-pagination-position-outside elementor-widget elementor-widget-image-carousel\" data-id=\"5317e2b1\" data-element_type=\"widget\" data-settings=\"{&quot;slides_to_show&quot;:&quot;1&quot;,&quot;navigation&quot;:&quot;dots&quot;,&quot;pause_on_hover&quot;:&quot;no&quot;,&quot;autoplay_speed&quot;:4000,&quot;effect&quot;:&quot;fade&quot;,&quot;autoplay&quot;:&quot;yes&quot;,&quot;pause_on_interaction&quot;:&quot;yes&quot;,&quot;infinite&quot;:&quot;yes&quot;,&quot;speed&quot;:500}\" data-widget_type=\"image-carousel.default\">\n\t\t\t\t<div class=\"elementor-widget-container\">\n\t\t\t\t\t\t\t<div class=\"elementor-image-carousel-wrapper swiper\" role=\"region\" aria-roledescription=\"carousel\" aria-label=\"Karuzela obrazk\u00f3w\" dir=\"ltr\">\n\t\t\t<div class=\"elementor-image-carousel swiper-wrapper swiper-image-stretch\" aria-live=\"off\">\n\t\t\t\t\t\t\t\t<div class=\"swiper-slide\" role=\"group\" aria-roledescription=\"slide\" aria-label=\"1 z 1\"><figure class=\"swiper-slide-inner\"><img decoding=\"async\" class=\"swiper-slide-image\" src=\"https:\/\/lashacademy.nl\/wp-content\/uploads\/2025\/05\/31.jpg\" alt=\"31\" \/><\/figure><\/div>\t\t\t<\/div>\n\t\t\t\t\t<\/div>\n\t\t\t\t\t\t<\/div>\n\t\t\t\t<\/div>\n\t\t\t\t<\/div>\n\t\t<div class=\"elementor-element elementor-element-8470198 e-con-full e-flex e-con e-child\" data-id=\"8470198\" data-element_type=\"container\">\n\t\t\t\t<div class=\"elementor-element elementor-element-2e6c1a6e elementor-invisible elementor-widget elementor-widget-heading\" data-id=\"2e6c1a6e\" data-element_type=\"widget\" data-settings=\"{&quot;_animation&quot;:&quot;fadeIn&quot;}\" data-widget_type=\"heading.default\">\n\t\t\t\t<div class=\"elementor-widget-container\">\n\t\t\t\t\t<h3 class=\"elementor-heading-title elementor-size-default\">2-dniowe + 1 ekstra dzie\u0144 praktyki <br>na modelce  \n<\/h3>\t\t\t\t<\/div>\n\t\t\t\t<\/div>\n\t\t\t\t<div class=\"elementor-element elementor-element-360b09f5 elementor-invisible elementor-widget elementor-widget-heading\" data-id=\"360b09f5\" data-element_type=\"widget\" data-settings=\"{&quot;_animation&quot;:&quot;fadeIn&quot;,&quot;_animation_delay&quot;:&quot;200&quot;}\" data-widget_type=\"heading.default\">\n\t\t\t\t<div class=\"elementor-widget-container\">\n\t\t\t\t\t<h6 class=\"elementor-heading-title elementor-size-default\">Dla kogo jest to szkolenie? <\/h6>\t\t\t\t<\/div>\n\t\t\t\t<\/div>\n\t\t\t\t<div class=\"elementor-element elementor-element-1dcf2d90 elementor-widget-divider--view-line elementor-widget elementor-widget-divider\" data-id=\"1dcf2d90\" data-element_type=\"widget\" data-widget_type=\"divider.default\">\n\t\t\t\t<div class=\"elementor-widget-container\">\n\t\t\t\t\t\t\t<div class=\"elementor-divider\">\n\t\t\t<span class=\"elementor-divider-separator\">\n\t\t\t\t\t\t<\/span>\n\t\t<\/div>\n\t\t\t\t\t\t<\/div>\n\t\t\t\t<\/div>\n\t\t\t\t<div class=\"elementor-element elementor-element-36c1109d elementor-widget elementor-widget-text-editor\" data-id=\"36c1109d\" data-element_type=\"widget\" data-widget_type=\"text-editor.default\">\n\t\t\t\t<div class=\"elementor-widget-container\">\n\t\t\t\t\t\t\t\t\t<p><span style=\"font-weight: 400;\">Szkolenie adresowane jest do stylistek kt\u00f3re odby\u0142y szkolenie podstawowe\u00a0 metod\u0105 1:1 oraz dla stylistek kt\u00f3re chcia\u0142yby udoskonali\u0107 sw\u00f3j dotychczasowy warsztat pracy.<\/span><\/p>\t\t\t\t\t\t\t\t<\/div>\n\t\t\t\t<\/div>\n\t\t\t\t<\/div>\n\t\t\t\t<\/div>\n\t\t<div class=\"elementor-element elementor-element-e6136 e-con-full e-flex e-con e-parent\" data-id=\"e6136\" data-element_type=\"container\" data-settings=\"{&quot;background_background&quot;:&quot;classic&quot;}\">\n\t\t<div class=\"elementor-element elementor-element-74bca240 e-con-full e-flex e-con e-child\" data-id=\"74bca240\" data-element_type=\"container\">\n\t\t\t\t<div class=\"elementor-element elementor-element-3ebd46b3 elementor-widget elementor-widget-image\" data-id=\"3ebd46b3\" data-element_type=\"widget\" data-widget_type=\"image.default\">\n\t\t\t\t<div class=\"elementor-widget-container\">\n\t\t\t\t\t\t\t\t\t\t\t\t\t\t\t<img fetchpriority=\"high\" decoding=\"async\" width=\"483\" height=\"483\" src=\"https:\/\/lashacademy.nl\/wp-content\/uploads\/2024\/11\/ikona-logo-1.png\" class=\"attachment-large size-large wp-image-175\" alt=\"\" srcset=\"https:\/\/lashacademy.nl\/wp-content\/uploads\/2024\/11\/ikona-logo-1.png 483w, https:\/\/lashacademy.nl\/wp-content\/uploads\/2024\/11\/ikona-logo-1-300x300.png 300w, https:\/\/lashacademy.nl\/wp-content\/uploads\/2024\/11\/ikona-logo-1-150x150.png 150w\" sizes=\"(max-width: 483px) 100vw, 483px\" \/>\t\t\t\t\t\t\t\t\t\t\t\t\t\t\t<\/div>\n\t\t\t\t<\/div>\n\t\t\t\t<div class=\"elementor-element elementor-element-75e46874 elementor-invisible elementor-widget elementor-widget-heading\" data-id=\"75e46874\" data-element_type=\"widget\" data-settings=\"{&quot;_animation&quot;:&quot;fadeIn&quot;}\" data-widget_type=\"heading.default\">\n\t\t\t\t<div class=\"elementor-widget-container\">\n\t\t\t\t\t<h2 class=\"elementor-heading-title elementor-size-default\">1 dzie\u0144 <\/h2>\t\t\t\t<\/div>\n\t\t\t\t<\/div>\n\t\t\t\t<div class=\"elementor-element elementor-element-22088c97 elementor-widget__width-initial elementor-widget-mobile__width-inherit elementor-widget elementor-widget-text-editor\" data-id=\"22088c97\" data-element_type=\"widget\" data-widget_type=\"text-editor.default\">\n\t\t\t\t<div class=\"elementor-widget-container\">\n\t\t\t\t\t\t\t\t\t<p><span style=\"font-weight: 400;\">teoria + nauka tworzenia k\u0119pek\u00a0 &#8211; 8 godzin<\/span><\/p><p><span style=\"font-weight: 400;\">Podczas naszego szkolenia skoncentrujemy si\u0119 na technikach stylizacji rz\u0119s w\u00a0 metodzie Light Volume (2-4D). Poni\u017cej przedstawiamy szczeg\u00f3\u0142owy\u00a0 harmonogram, kt\u00f3ry pozwoli Ci zdoby\u0107 niezb\u0119dne umiej\u0119tno\u015bci i wiedz\u0119. <\/span><\/p>\t\t\t\t\t\t\t\t<\/div>\n\t\t\t\t<\/div>\n\t\t\t\t<\/div>\n\t\t\t\t<\/div>\n\t\t<div class=\"elementor-element elementor-element-3c8eb4e9 e-con-full e-flex e-con e-parent\" data-id=\"3c8eb4e9\" data-element_type=\"container\">\n\t\t<div class=\"elementor-element elementor-element-287abb78 e-con-full e-flex e-con e-child\" data-id=\"287abb78\" data-element_type=\"container\">\n\t\t\t\t<div class=\"elementor-element elementor-element-410e2c84 elementor-widget elementor-widget-text-editor\" data-id=\"410e2c84\" data-element_type=\"widget\" data-widget_type=\"text-editor.default\">\n\t\t\t\t<div class=\"elementor-widget-container\">\n\t\t\t\t\t\t\t\t\t<ul><li><span style=\"font-weight: 400;\">indywidualna analiza oczu\u00a0<\/span><\/li><li><span style=\"font-weight: 400;\">modelowanie oczu (om\u00f3wienie 11 schemat\u00f3w stylizacji)\u00a0<\/span><\/li><li><span style=\"font-weight: 400;\">rz\u0119dowo\u015b\u0107 na 5 sposob\u00f3w\u00a0<\/span><\/li><li><span style=\"font-weight: 400;\">tworzenie poprawnego odst\u0119pu od powieki przy 2-4D*\u00a0\u00a0<\/span><\/li><li><span style=\"font-weight: 400;\">zasady odst\u0119p\u00f3w mi\u0119dzy rz\u0119sami w r\u00f3\u017cnych metodach\u00a0<\/span><\/li><\/ul>\t\t\t\t\t\t\t\t<\/div>\n\t\t\t\t<\/div>\n\t\t\t\t<div class=\"elementor-element elementor-element-29d9d06b elementor-widget elementor-widget-spacer\" data-id=\"29d9d06b\" data-element_type=\"widget\" data-widget_type=\"spacer.default\">\n\t\t\t\t<div class=\"elementor-widget-container\">\n\t\t\t\t\t\t\t<div class=\"elementor-spacer\">\n\t\t\t<div class=\"elementor-spacer-inner\"><\/div>\n\t\t<\/div>\n\t\t\t\t\t\t<\/div>\n\t\t\t\t<\/div>\n\t\t\t\t<div class=\"elementor-element elementor-element-43d48680 elementor-align-center elementor-widget elementor-widget-button\" data-id=\"43d48680\" data-element_type=\"widget\" data-widget_type=\"button.default\">\n\t\t\t\t<div class=\"elementor-widget-container\">\n\t\t\t\t\t\t\t\t\t<div class=\"elementor-button-wrapper\">\n\t\t\t\t\t<a class=\"elementor-button elementor-button-link elementor-size-sm elementor-animation-hang\" href=\"#\">\n\t\t\t\t\t\t<span class=\"elementor-button-content-wrapper\">\n\t\t\t\t\t\t\t\t\t<span class=\"elementor-button-text\">KONATKT \u27f6<\/span>\n\t\t\t\t\t<\/span>\n\t\t\t\t\t<\/a>\n\t\t\t\t<\/div>\n\t\t\t\t\t\t\t\t<\/div>\n\t\t\t\t<\/div>\n\t\t\t\t<\/div>\n\t\t<div class=\"elementor-element elementor-element-6d28b205 e-con-full e-flex e-con e-child\" data-id=\"6d28b205\" data-element_type=\"container\" data-settings=\"{&quot;background_background&quot;:&quot;classic&quot;}\">\n\t\t\t\t<div class=\"elementor-element elementor-element-110622eb elementor-widget elementor-widget-text-editor\" data-id=\"110622eb\" data-element_type=\"widget\" data-widget_type=\"text-editor.default\">\n\t\t\t\t<div class=\"elementor-widget-container\">\n\t\t\t\t\t\t\t\t\t<ul><li><span style=\"font-weight: 400;\">trzy techniki kierunkowania rz\u0119s\u00a0<\/span><\/li><li><span style=\"font-weight: 400;\">aplikacja \u201eexpres\u201d\u00a0<\/span><\/li><li><span style=\"font-weight: 400;\">metody szybkiej aplikacji rz\u0119s przy zachowaniu wysokiej jako\u015bci &#8211; Techniki Perfect Line \u2013 jak uzyska\u0107 estetyczny efekt\u00a0<\/span><\/li><li><span style=\"font-weight: 400;\">mieszanie r\u00f3\u017cnych skr\u0119t\u00f3w rz\u0119s w jednej aplikacji*\u00a0\u00a0<\/span><\/li><\/ul>\t\t\t\t\t\t\t\t<\/div>\n\t\t\t\t<\/div>\n\t\t\t\t<div class=\"elementor-element elementor-element-69ea5934 elementor-widget elementor-widget-spacer\" data-id=\"69ea5934\" data-element_type=\"widget\" data-widget_type=\"spacer.default\">\n\t\t\t\t<div class=\"elementor-widget-container\">\n\t\t\t\t\t\t\t<div class=\"elementor-spacer\">\n\t\t\t<div class=\"elementor-spacer-inner\"><\/div>\n\t\t<\/div>\n\t\t\t\t\t\t<\/div>\n\t\t\t\t<\/div>\n\t\t\t\t<div class=\"elementor-element elementor-element-17582866 elementor-align-center elementor-widget elementor-widget-button\" data-id=\"17582866\" data-element_type=\"widget\" data-widget_type=\"button.default\">\n\t\t\t\t<div class=\"elementor-widget-container\">\n\t\t\t\t\t\t\t\t\t<div class=\"elementor-button-wrapper\">\n\t\t\t\t\t<a class=\"elementor-button elementor-button-link elementor-size-sm elementor-animation-hang\" href=\"#\">\n\t\t\t\t\t\t<span class=\"elementor-button-content-wrapper\">\n\t\t\t\t\t\t\t\t\t<span class=\"elementor-button-text\">KONATKT \u27f6<\/span>\n\t\t\t\t\t<\/span>\n\t\t\t\t\t<\/a>\n\t\t\t\t<\/div>\n\t\t\t\t\t\t\t\t<\/div>\n\t\t\t\t<\/div>\n\t\t\t\t<\/div>\n\t\t\t\t<\/div>\n\t\t<div class=\"elementor-element elementor-element-19e07034 e-con-full e-flex e-con e-parent\" data-id=\"19e07034\" data-element_type=\"container\" data-settings=\"{&quot;background_background&quot;:&quot;classic&quot;}\">\n\t\t<div class=\"elementor-element elementor-element-4bb07425 e-con-full e-flex e-con e-child\" data-id=\"4bb07425\" data-element_type=\"container\">\n\t\t\t\t<div class=\"elementor-element elementor-element-37d5c090 elementor-widget__width-initial elementor-widget-mobile__width-inherit elementor-widget elementor-widget-text-editor\" data-id=\"37d5c090\" data-element_type=\"widget\" data-widget_type=\"text-editor.default\">\n\t\t\t\t<div class=\"elementor-widget-container\">\n\t\t\t\t\t\t\t\t\t<p><span style=\"font-weight: 400;\">Cz\u0119\u015b\u0107 praktyczna (nauka tworzenia k\u0119pek na g\u0105beczkach)\u00a0<\/span><\/p>\t\t\t\t\t\t\t\t<\/div>\n\t\t\t\t<\/div>\n\t\t<div class=\"elementor-element elementor-element-fbd989f e-grid e-con-full e-con e-child\" data-id=\"fbd989f\" data-element_type=\"container\">\n\t\t\t\t<div class=\"elementor-element elementor-element-ec7b7f3 elementor-widget elementor-widget-text-editor\" data-id=\"ec7b7f3\" data-element_type=\"widget\" data-widget_type=\"text-editor.default\">\n\t\t\t\t<div class=\"elementor-widget-container\">\n\t\t\t\t\t\t\t\t\t<ul><li><span style=\"font-weight: 400;\">r\u00f3\u017cne metody tworzenia k\u0119pek<\/span><\/li><li>charakterystyka poprawnej k\u0119pki\u00a0<\/li><li>jak efektywnie i precyzyjnie wykonywa\u0107 k\u0119pki, zachowuj\u0105c symetri\u0119\u00a0<\/li><\/ul>\t\t\t\t\t\t\t\t<\/div>\n\t\t\t\t<\/div>\n\t\t\t\t<div class=\"elementor-element elementor-element-57f89ac elementor-widget elementor-widget-text-editor\" data-id=\"57f89ac\" data-element_type=\"widget\" data-widget_type=\"text-editor.default\">\n\t\t\t\t<div class=\"elementor-widget-container\">\n\t\t\t\t\t\t\t\t\t<ul><li><span style=\"font-weight: 400;\">Poprawna praca z k\u0119pkami i klejem<\/span><\/li><li>Techniki i zasady pracy z k\u0119pkami oraz klejem, aby zapewni\u0107 trwa\u0142o\u015b\u0107\u00a0 aplikacji<\/li><\/ul>\t\t\t\t\t\t\t\t<\/div>\n\t\t\t\t<\/div>\n\t\t\t\t<\/div>\n\t\t\t\t<\/div>\n\t\t\t\t<\/div>\n\t\t<div class=\"elementor-element elementor-element-57a6a8e e-con-full e-flex e-con e-parent\" data-id=\"57a6a8e\" data-element_type=\"container\" data-settings=\"{&quot;background_background&quot;:&quot;classic&quot;}\">\n\t\t<div class=\"elementor-element elementor-element-08c2ead e-con-full e-flex e-con e-child\" data-id=\"08c2ead\" data-element_type=\"container\">\n\t\t\t\t<div class=\"elementor-element elementor-element-8828bda elementor-widget elementor-widget-image\" data-id=\"8828bda\" data-element_type=\"widget\" data-widget_type=\"image.default\">\n\t\t\t\t<div class=\"elementor-widget-container\">\n\t\t\t\t\t\t\t\t\t\t\t\t\t\t\t<img fetchpriority=\"high\" decoding=\"async\" width=\"483\" height=\"483\" src=\"https:\/\/lashacademy.nl\/wp-content\/uploads\/2024\/11\/ikona-logo-1.png\" class=\"attachment-large size-large wp-image-175\" alt=\"\" srcset=\"https:\/\/lashacademy.nl\/wp-content\/uploads\/2024\/11\/ikona-logo-1.png 483w, https:\/\/lashacademy.nl\/wp-content\/uploads\/2024\/11\/ikona-logo-1-300x300.png 300w, https:\/\/lashacademy.nl\/wp-content\/uploads\/2024\/11\/ikona-logo-1-150x150.png 150w\" sizes=\"(max-width: 483px) 100vw, 483px\" \/>\t\t\t\t\t\t\t\t\t\t\t\t\t\t\t<\/div>\n\t\t\t\t<\/div>\n\t\t\t\t<div class=\"elementor-element elementor-element-3abced7 elementor-invisible elementor-widget elementor-widget-heading\" data-id=\"3abced7\" data-element_type=\"widget\" data-settings=\"{&quot;_animation&quot;:&quot;fadeIn&quot;}\" data-widget_type=\"heading.default\">\n\t\t\t\t<div class=\"elementor-widget-container\">\n\t\t\t\t\t<h2 class=\"elementor-heading-title elementor-size-default\">2 dzie\u0144 <\/h2>\t\t\t\t<\/div>\n\t\t\t\t<\/div>\n\t\t\t\t<div class=\"elementor-element elementor-element-444919e elementor-widget__width-initial elementor-widget-mobile__width-inherit elementor-widget elementor-widget-text-editor\" data-id=\"444919e\" data-element_type=\"widget\" data-widget_type=\"text-editor.default\">\n\t\t\t\t<div class=\"elementor-widget-container\">\n\t\t\t\t\t\t\t\t\t<p><span style=\"font-weight: 400;\">Cz\u0119\u015b\u0107 praktyczna na modelce\u00a0 <\/span><\/p>\t\t\t\t\t\t\t\t<\/div>\n\t\t\t\t<\/div>\n\t\t\t\t<\/div>\n\t\t\t\t<\/div>\n\t\t<div class=\"elementor-element elementor-element-14d072af e-con-full e-flex e-con e-parent\" data-id=\"14d072af\" data-element_type=\"container\">\n\t\t<div class=\"elementor-element elementor-element-4a2b7014 e-con-full e-flex e-con e-child\" data-id=\"4a2b7014\" data-element_type=\"container\">\n\t\t\t\t<div class=\"elementor-element elementor-element-5a89a0f5 elementor-widget elementor-widget-text-editor\" data-id=\"5a89a0f5\" data-element_type=\"widget\" data-widget_type=\"text-editor.default\">\n\t\t\t\t<div class=\"elementor-widget-container\">\n\t\t\t\t\t\t\t\t\t<ul><li><span style=\"font-weight: 400;\">om\u00f3wienie ankiety kwalifikacyjnej\u00a0<\/span><\/li><li><span style=\"font-weight: 400;\">analiza oczu\u00a0\u00a0<\/span><\/li><li><span style=\"font-weight: 400;\">om\u00f3wienie mapy rz\u0119s\u00a0<\/span><\/li><\/ul>\t\t\t\t\t\t\t\t<\/div>\n\t\t\t\t<\/div>\n\t\t\t\t<div class=\"elementor-element elementor-element-79edc070 elementor-widget elementor-widget-spacer\" data-id=\"79edc070\" data-element_type=\"widget\" data-widget_type=\"spacer.default\">\n\t\t\t\t<div class=\"elementor-widget-container\">\n\t\t\t\t\t\t\t<div class=\"elementor-spacer\">\n\t\t\t<div class=\"elementor-spacer-inner\"><\/div>\n\t\t<\/div>\n\t\t\t\t\t\t<\/div>\n\t\t\t\t<\/div>\n\t\t\t\t<div class=\"elementor-element elementor-element-25cffe10 elementor-align-center elementor-widget elementor-widget-button\" data-id=\"25cffe10\" data-element_type=\"widget\" data-widget_type=\"button.default\">\n\t\t\t\t<div class=\"elementor-widget-container\">\n\t\t\t\t\t\t\t\t\t<div class=\"elementor-button-wrapper\">\n\t\t\t\t\t<a class=\"elementor-button elementor-button-link elementor-size-sm elementor-animation-hang\" href=\"#\">\n\t\t\t\t\t\t<span class=\"elementor-button-content-wrapper\">\n\t\t\t\t\t\t\t\t\t<span class=\"elementor-button-text\">KONATKT \u27f6<\/span>\n\t\t\t\t\t<\/span>\n\t\t\t\t\t<\/a>\n\t\t\t\t<\/div>\n\t\t\t\t\t\t\t\t<\/div>\n\t\t\t\t<\/div>\n\t\t\t\t<\/div>\n\t\t<div class=\"elementor-element elementor-element-3949f1dc e-con-full e-flex e-con e-child\" data-id=\"3949f1dc\" data-element_type=\"container\" data-settings=\"{&quot;background_background&quot;:&quot;classic&quot;}\">\n\t\t\t\t<div class=\"elementor-element elementor-element-4b8daee3 elementor-widget elementor-widget-text-editor\" data-id=\"4b8daee3\" data-element_type=\"widget\" data-widget_type=\"text-editor.default\">\n\t\t\t\t<div class=\"elementor-widget-container\">\n\t\t\t\t\t\t\t\t\t<ul><li><span style=\"font-weight: 400;\">praca na modelce\u00a0<\/span><\/li><li><span style=\"font-weight: 400;\">Om\u00f3wienie wykonanej pracy<\/span><\/li><li>feedback od instruktora oraz analiza stylizacji wykonanych przez uczestnik\u00f3w &#8211; Wr\u0119czenie certyfikat\u00f3w\u00a0<\/li><\/ul>\t\t\t\t\t\t\t\t<\/div>\n\t\t\t\t<\/div>\n\t\t\t\t<div class=\"elementor-element elementor-element-51635989 elementor-widget elementor-widget-spacer\" data-id=\"51635989\" data-element_type=\"widget\" data-widget_type=\"spacer.default\">\n\t\t\t\t<div class=\"elementor-widget-container\">\n\t\t\t\t\t\t\t<div class=\"elementor-spacer\">\n\t\t\t<div class=\"elementor-spacer-inner\"><\/div>\n\t\t<\/div>\n\t\t\t\t\t\t<\/div>\n\t\t\t\t<\/div>\n\t\t\t\t<div class=\"elementor-element elementor-element-6732383 elementor-align-center elementor-widget elementor-widget-button\" data-id=\"6732383\" data-element_type=\"widget\" data-widget_type=\"button.default\">\n\t\t\t\t<div class=\"elementor-widget-container\">\n\t\t\t\t\t\t\t\t\t<div class=\"elementor-button-wrapper\">\n\t\t\t\t\t<a class=\"elementor-button elementor-button-link elementor-size-sm elementor-animation-hang\" href=\"#\">\n\t\t\t\t\t\t<span class=\"elementor-button-content-wrapper\">\n\t\t\t\t\t\t\t\t\t<span class=\"elementor-button-text\">KONATKT \u27f6<\/span>\n\t\t\t\t\t<\/span>\n\t\t\t\t\t<\/a>\n\t\t\t\t<\/div>\n\t\t\t\t\t\t\t\t<\/div>\n\t\t\t\t<\/div>\n\t\t\t\t<\/div>\n\t\t\t\t<\/div>\n\t\t<div class=\"elementor-element elementor-element-81e4547 e-con-full e-flex e-con e-parent\" data-id=\"81e4547\" data-element_type=\"container\" data-settings=\"{&quot;background_background&quot;:&quot;classic&quot;}\">\n\t\t<div class=\"elementor-element elementor-element-24056e5 e-con-full e-flex e-con e-child\" data-id=\"24056e5\" data-element_type=\"container\" data-settings=\"{&quot;background_background&quot;:&quot;classic&quot;}\">\n\t\t\t\t<div class=\"elementor-element elementor-element-5facd9f elementor-widget__width-initial elementor-widget elementor-widget-text-editor\" data-id=\"5facd9f\" data-element_type=\"widget\" data-widget_type=\"text-editor.default\">\n\t\t\t\t<div class=\"elementor-widget-container\">\n\t\t\t\t\t\t\t\t\t<p><span style=\"font-weight: 400;\">Nasze szkolenie<\/span><\/p>\t\t\t\t\t\t\t\t<\/div>\n\t\t\t\t<\/div>\n\t\t\t\t<div class=\"elementor-element elementor-element-d44d635 elementor-widget__width-initial elementor-invisible elementor-widget elementor-widget-heading\" data-id=\"d44d635\" data-element_type=\"widget\" data-settings=\"{&quot;_animation&quot;:&quot;fadeIn&quot;}\" data-widget_type=\"heading.default\">\n\t\t\t\t<div class=\"elementor-widget-container\">\n\t\t\t\t\t<h2 class=\"elementor-heading-title elementor-size-default\">to doskona\u0142a okazja<\/h2>\t\t\t\t<\/div>\n\t\t\t\t<\/div>\n\t\t\t\t<div class=\"elementor-element elementor-element-d1c450b elementor-widget__width-initial elementor-widget-mobile__width-inherit elementor-widget elementor-widget-text-editor\" data-id=\"d1c450b\" data-element_type=\"widget\" data-widget_type=\"text-editor.default\">\n\t\t\t\t<div class=\"elementor-widget-container\">\n\t\t\t\t\t\t\t\t\t<p><span style=\"font-weight: 400;\">na rozw\u00f3j umiej\u0119tno\u015bci w zakresie stylizacji\u00a0 rz\u0119s. <\/span><\/p><p><span style=\"font-weight: 400;\">Dzi\u0119ki praktycznym \u0107wiczeniom oraz indywidualnemu podej\u015bciu <\/span><\/p><p><span style=\"font-weight: 400;\">do ka\u017cdego uczestnika, zdob\u0119dziesz pewno\u015b\u0107 siebie i wiedz\u0119 potrzebn\u0105 <\/span><\/p><p><span style=\"font-weight: 400;\">do osi\u0105gni\u0119cia sukcesu w tej bran\u017cy.<\/span><\/p><p><strong>Do\u0142\u0105cz do nas i odkryj magi\u0119 stylizacji rz\u0119s!\u00a0<\/strong><\/p>\t\t\t\t\t\t\t\t<\/div>\n\t\t\t\t<\/div>\n\t\t\t\t<div class=\"elementor-element elementor-element-9fb9bb3 elementor-widget__width-initial elementor-widget elementor-widget-button\" data-id=\"9fb9bb3\" data-element_type=\"widget\" data-widget_type=\"button.default\">\n\t\t\t\t<div class=\"elementor-widget-container\">\n\t\t\t\t\t\t\t\t\t<div class=\"elementor-button-wrapper\">\n\t\t\t\t\t<a class=\"elementor-button elementor-button-link elementor-size-sm\" href=\"#\">\n\t\t\t\t\t\t<span class=\"elementor-button-content-wrapper\">\n\t\t\t\t\t\t\t\t\t<span class=\"elementor-button-text\">UM\u00d3W TERMIN<\/span>\n\t\t\t\t\t<\/span>\n\t\t\t\t\t<\/a>\n\t\t\t\t<\/div>\n\t\t\t\t\t\t\t\t<\/div>\n\t\t\t\t<\/div>\n\t\t\t\t<div class=\"elementor-element elementor-element-6f18784 elementor-widget elementor-widget-spacer\" data-id=\"6f18784\" data-element_type=\"widget\" data-widget_type=\"spacer.default\">\n\t\t\t\t<div class=\"elementor-widget-container\">\n\t\t\t\t\t\t\t<div class=\"elementor-spacer\">\n\t\t\t<div class=\"elementor-spacer-inner\"><\/div>\n\t\t<\/div>\n\t\t\t\t\t\t<\/div>\n\t\t\t\t<\/div>\n\t\t\t\t<div class=\"elementor-element elementor-element-261bc5a elementor-widget__width-initial elementor-widget elementor-widget-image\" data-id=\"261bc5a\" data-element_type=\"widget\" data-widget_type=\"image.default\">\n\t\t\t\t<div class=\"elementor-widget-container\">\n\t\t\t\t\t\t\t\t\t\t\t\t\t\t\t<img decoding=\"async\" width=\"345\" height=\"58\" src=\"https:\/\/lashacademy.nl\/wp-content\/uploads\/2024\/11\/logo-na-strone_LASH-ACADEMY.png\" class=\"attachment-large size-large wp-image-128\" alt=\"\" srcset=\"https:\/\/lashacademy.nl\/wp-content\/uploads\/2024\/11\/logo-na-strone_LASH-ACADEMY.png 345w, https:\/\/lashacademy.nl\/wp-content\/uploads\/2024\/11\/logo-na-strone_LASH-ACADEMY-300x50.png 300w\" sizes=\"(max-width: 345px) 100vw, 345px\" \/>\t\t\t\t\t\t\t\t\t\t\t\t\t\t\t<\/div>\n\t\t\t\t<\/div>\n\t\t\t\t<\/div>\n\t\t<div class=\"elementor-element elementor-element-7b02f26 e-con-full e-flex e-con e-child\" data-id=\"7b02f26\" data-element_type=\"container\" data-settings=\"{&quot;background_background&quot;:&quot;classic&quot;}\">\n\t\t\t\t<div class=\"elementor-element elementor-element-781a444 elementor-widget elementor-widget-spacer\" data-id=\"781a444\" data-element_type=\"widget\" data-widget_type=\"spacer.default\">\n\t\t\t\t<div class=\"elementor-widget-container\">\n\t\t\t\t\t\t\t<div class=\"elementor-spacer\">\n\t\t\t<div class=\"elementor-spacer-inner\"><\/div>\n\t\t<\/div>\n\t\t\t\t\t\t<\/div>\n\t\t\t\t<\/div>\n\t\t\t\t<\/div>\n\t\t\t\t<\/div>\n\t\t\t\t<\/div>\n\t\t","protected":false},"excerpt":{"rendered":"<p>Szkolenie light volume 2-4D (LEKKIE OBJ\u0118TO\u015aCI) 2-dniowe + 1 ekstra dzie\u0144 praktyki na modelce Dla kogo jest to szkolenie? Szkolenie adresowane jest do stylistek kt\u00f3re odby\u0142y szkolenie podstawowe\u00a0 metod\u0105 1:1 oraz dla stylistek kt\u00f3re chcia\u0142yby udoskonali\u0107 sw\u00f3j dotychczasowy warsztat pracy. 1 dzie\u0144 teoria + nauka tworzenia k\u0119pek\u00a0 &#8211; 8 godzin Podczas naszego szkolenia skoncentrujemy si\u0119 [&hellip;]<\/p>\n","protected":false},"author":1,"featured_media":0,"parent":0,"menu_order":0,"comment_status":"closed","ping_status":"closed","template":"","meta":{"footnotes":""},"class_list":["post-380","page","type-page","status-publish","hentry"],"_links":{"self":[{"href":"https:\/\/lashacademy.nl\/index.php?rest_route=\/wp\/v2\/pages\/380","targetHints":{"allow":["GET"]}}],"collection":[{"href":"https:\/\/lashacademy.nl\/index.php?rest_route=\/wp\/v2\/pages"}],"about":[{"href":"https:\/\/lashacademy.nl\/index.php?rest_route=\/wp\/v2\/types\/page"}],"author":[{"embeddable":true,"href":"https:\/\/lashacademy.nl\/index.php?rest_route=\/wp\/v2\/users\/1"}],"replies":[{"embeddable":true,"href":"https:\/\/lashacademy.nl\/index.php?rest_route=%2Fwp%2Fv2%2Fcomments&post=380"}],"version-history":[{"count":58,"href":"https:\/\/lashacademy.nl\/index.php?rest_route=\/wp\/v2\/pages\/380\/revisions"}],"predecessor-version":[{"id":932,"href":"https:\/\/lashacademy.nl\/index.php?rest_route=\/wp\/v2\/pages\/380\/revisions\/932"}],"wp:attachment":[{"href":"https:\/\/lashacademy.nl\/index.php?rest_route=%2Fwp%2Fv2%2Fmedia&parent=380"}],"curies":[{"name":"wp","href":"https:\/\/api.w.org\/{rel}","templated":true}]}}