{"id":378,"date":"2024-11-28T13:54:21","date_gmt":"2024-11-28T12:54:21","guid":{"rendered":"https:\/\/lashacademy.nl\/?page_id=378"},"modified":"2025-05-01T18:44:39","modified_gmt":"2025-05-01T16:44:39","slug":"szkolenie-podstawowe","status":"publish","type":"page","link":"https:\/\/lashacademy.nl\/?page_id=378","title":{"rendered":"Szkolenie podstawowe"},"content":{"rendered":"\t\t<div data-elementor-type=\"wp-page\" data-elementor-id=\"378\" class=\"elementor elementor-378\">\n\t\t\t\t<div class=\"elementor-element elementor-element-4b9cb6ce e-flex e-con-boxed e-con e-parent\" data-id=\"4b9cb6ce\" data-element_type=\"container\" data-settings=\"{&quot;background_background&quot;:&quot;classic&quot;}\">\n\t\t\t\t\t<div class=\"e-con-inner\">\n\t\t\t\t<div class=\"elementor-element elementor-element-37129742 elementor-invisible elementor-widget elementor-widget-heading\" data-id=\"37129742\" data-element_type=\"widget\" data-settings=\"{&quot;_animation&quot;:&quot;fadeIn&quot;}\" data-widget_type=\"heading.default\">\n\t\t\t\t<div class=\"elementor-widget-container\">\n\t\t\t\t\t<h1 class=\"elementor-heading-title elementor-size-default\">Szkolenie podstawowe metoda 1:1<\/h1>\t\t\t\t<\/div>\n\t\t\t\t<\/div>\n\t\t\t\t\t<\/div>\n\t\t\t\t<\/div>\n\t\t<div class=\"elementor-element elementor-element-ac3e577 e-con-full e-flex e-con e-parent\" data-id=\"ac3e577\" data-element_type=\"container\">\n\t\t<div class=\"elementor-element elementor-element-6132d414 e-con-full e-flex e-con e-child\" data-id=\"6132d414\" data-element_type=\"container\" data-settings=\"{&quot;background_background&quot;:&quot;classic&quot;}\">\n\t\t\t\t<div class=\"elementor-element elementor-element-136e386e elementor-pagination-position-outside elementor-widget elementor-widget-image-carousel\" data-id=\"136e386e\" data-element_type=\"widget\" data-settings=\"{&quot;slides_to_show&quot;:&quot;1&quot;,&quot;navigation&quot;:&quot;dots&quot;,&quot;pause_on_hover&quot;:&quot;no&quot;,&quot;autoplay_speed&quot;:4000,&quot;effect&quot;:&quot;fade&quot;,&quot;autoplay&quot;:&quot;yes&quot;,&quot;pause_on_interaction&quot;:&quot;yes&quot;,&quot;infinite&quot;:&quot;yes&quot;,&quot;speed&quot;:500}\" data-widget_type=\"image-carousel.default\">\n\t\t\t\t<div class=\"elementor-widget-container\">\n\t\t\t\t\t\t\t<div class=\"elementor-image-carousel-wrapper swiper\" role=\"region\" aria-roledescription=\"carousel\" aria-label=\"Karuzela obrazk\u00f3w\" dir=\"ltr\">\n\t\t\t<div class=\"elementor-image-carousel swiper-wrapper swiper-image-stretch\" aria-live=\"off\">\n\t\t\t\t\t\t\t\t<div class=\"swiper-slide\" role=\"group\" aria-roledescription=\"slide\" aria-label=\"1 z 1\"><figure class=\"swiper-slide-inner\"><img decoding=\"async\" class=\"swiper-slide-image\" src=\"https:\/\/lashacademy.nl\/wp-content\/uploads\/2025\/05\/31.jpg\" alt=\"31\" \/><\/figure><\/div>\t\t\t<\/div>\n\t\t\t\t\t<\/div>\n\t\t\t\t\t\t<\/div>\n\t\t\t\t<\/div>\n\t\t\t\t<\/div>\n\t\t<div class=\"elementor-element elementor-element-64209a3f e-con-full e-flex e-con e-child\" data-id=\"64209a3f\" data-element_type=\"container\">\n\t\t\t\t<div class=\"elementor-element elementor-element-76cb7d77 elementor-invisible elementor-widget elementor-widget-heading\" data-id=\"76cb7d77\" data-element_type=\"widget\" data-settings=\"{&quot;_animation&quot;:&quot;fadeIn&quot;}\" data-widget_type=\"heading.default\">\n\t\t\t\t<div class=\"elementor-widget-container\">\n\t\t\t\t\t<h3 class=\"elementor-heading-title elementor-size-default\">2-dniowe + 1 ekstra dzie\u0144 praktyki <br>na modelce  \n<\/h3>\t\t\t\t<\/div>\n\t\t\t\t<\/div>\n\t\t\t\t<div class=\"elementor-element elementor-element-2ad882d5 elementor-invisible elementor-widget elementor-widget-heading\" data-id=\"2ad882d5\" data-element_type=\"widget\" data-settings=\"{&quot;_animation&quot;:&quot;fadeIn&quot;,&quot;_animation_delay&quot;:&quot;200&quot;}\" data-widget_type=\"heading.default\">\n\t\t\t\t<div class=\"elementor-widget-container\">\n\t\t\t\t\t<h6 class=\"elementor-heading-title elementor-size-default\">Dla kogo jest to szkolenie? <\/h6>\t\t\t\t<\/div>\n\t\t\t\t<\/div>\n\t\t\t\t<div class=\"elementor-element elementor-element-1a7f65ff elementor-widget-divider--view-line elementor-widget elementor-widget-divider\" data-id=\"1a7f65ff\" data-element_type=\"widget\" data-widget_type=\"divider.default\">\n\t\t\t\t<div class=\"elementor-widget-container\">\n\t\t\t\t\t\t\t<div class=\"elementor-divider\">\n\t\t\t<span class=\"elementor-divider-separator\">\n\t\t\t\t\t\t<\/span>\n\t\t<\/div>\n\t\t\t\t\t\t<\/div>\n\t\t\t\t<\/div>\n\t\t\t\t<div class=\"elementor-element elementor-element-cb9cd77 elementor-widget elementor-widget-text-editor\" data-id=\"cb9cd77\" data-element_type=\"widget\" data-widget_type=\"text-editor.default\">\n\t\t\t\t<div class=\"elementor-widget-container\">\n\t\t\t\t\t\t\t\t\t<ul><li><span style=\"font-weight: 400;\">Dla os\u00f3b kt\u00f3re nigdy nie mia\u0142y styczno\u015bci ze stylizacj\u0105 rz\u0119s\u00a0<\/span><\/li><\/ul><p>\u00a0<\/p><ul><li><span style=\"font-weight: 400;\">Dla os\u00f3b kt\u00f3re odczuwaj\u0105 deficyty w posiadanej wiedzy <\/span>oraz chcia\u0142yby od\u015bwie\u017cy\u0107\u00a0 umiej\u0119tno\u015bci<\/li><\/ul>\t\t\t\t\t\t\t\t<\/div>\n\t\t\t\t<\/div>\n\t\t\t\t<\/div>\n\t\t\t\t<\/div>\n\t\t<div class=\"elementor-element elementor-element-38fe1448 e-con-full e-flex e-con e-parent\" data-id=\"38fe1448\" data-element_type=\"container\" data-settings=\"{&quot;background_background&quot;:&quot;classic&quot;}\">\n\t\t<div class=\"elementor-element elementor-element-356df8b7 e-con-full e-flex e-con e-child\" data-id=\"356df8b7\" data-element_type=\"container\">\n\t\t\t\t<div class=\"elementor-element elementor-element-4ea2109 elementor-widget elementor-widget-image\" data-id=\"4ea2109\" data-element_type=\"widget\" data-widget_type=\"image.default\">\n\t\t\t\t<div class=\"elementor-widget-container\">\n\t\t\t\t\t\t\t\t\t\t\t\t\t\t\t<img fetchpriority=\"high\" decoding=\"async\" width=\"483\" height=\"483\" src=\"https:\/\/lashacademy.nl\/wp-content\/uploads\/2024\/11\/ikona-logo-1.png\" class=\"attachment-large size-large wp-image-175\" alt=\"\" srcset=\"https:\/\/lashacademy.nl\/wp-content\/uploads\/2024\/11\/ikona-logo-1.png 483w, https:\/\/lashacademy.nl\/wp-content\/uploads\/2024\/11\/ikona-logo-1-300x300.png 300w, https:\/\/lashacademy.nl\/wp-content\/uploads\/2024\/11\/ikona-logo-1-150x150.png 150w\" sizes=\"(max-width: 483px) 100vw, 483px\" \/>\t\t\t\t\t\t\t\t\t\t\t\t\t\t\t<\/div>\n\t\t\t\t<\/div>\n\t\t\t\t<div class=\"elementor-element elementor-element-54d849b8 elementor-invisible elementor-widget elementor-widget-heading\" data-id=\"54d849b8\" data-element_type=\"widget\" data-settings=\"{&quot;_animation&quot;:&quot;fadeIn&quot;}\" data-widget_type=\"heading.default\">\n\t\t\t\t<div class=\"elementor-widget-container\">\n\t\t\t\t\t<h2 class=\"elementor-heading-title elementor-size-default\">1 dzie\u0144 <\/h2>\t\t\t\t<\/div>\n\t\t\t\t<\/div>\n\t\t\t\t<div class=\"elementor-element elementor-element-5e3cfa40 elementor-widget__width-initial elementor-widget-mobile__width-inherit elementor-widget elementor-widget-text-editor\" data-id=\"5e3cfa40\" data-element_type=\"widget\" data-widget_type=\"text-editor.default\">\n\t\t\t\t<div class=\"elementor-widget-container\">\n\t\t\t\t\t\t\t\t\t<p><span style=\"font-weight: 400;\">CZ\u0118\u015a\u0106 TEORETYCZNA &#8211; 8 godzin<\/span><\/p>\t\t\t\t\t\t\t\t<\/div>\n\t\t\t\t<\/div>\n\t\t\t\t<\/div>\n\t\t\t\t<\/div>\n\t\t<div class=\"elementor-element elementor-element-287bd7f2 e-con-full e-flex e-con e-parent\" data-id=\"287bd7f2\" data-element_type=\"container\">\n\t\t<div class=\"elementor-element elementor-element-70d6b87d e-con-full e-flex e-con e-child\" data-id=\"70d6b87d\" data-element_type=\"container\">\n\t\t\t\t<div class=\"elementor-element elementor-element-5ddd270 elementor-widget elementor-widget-text-editor\" data-id=\"5ddd270\" data-element_type=\"widget\" data-widget_type=\"text-editor.default\">\n\t\t\t\t<div class=\"elementor-widget-container\">\n\t\t\t\t\t\t\t\t\t<ul><li>budowa i funkcje rz\u0119sy naturalnej<\/li><li>\u017cywotno\u015b\u0107 rz\u0119s i ich cykle wzrostu<\/li><li>co ma wp\u0142yw na faz\u0119 wzrostu rz\u0119s naturalnych<\/li><li>w\u0142a\u015bciwy dob\u00f3r skr\u0119tu, grubo\u015bci i d\u0142ugo\u015bci rz\u0119s sztucznych<\/li><li>rodzaje rz\u0119s<\/li><li>materia\u0142oznawstwo (rodzaje rz\u0119s, klej\u00f3w i inne materia\u0142y<\/li><li>w\u0142a\u015bciwa praca z klejem<\/li><li>co wp\u0142ywa na trwa\u0142o\u015b\u0107 aplikacji<\/li><li>ukierunkowanie rz\u0119s naturalnych<\/li><li>om\u00f3wienie podstawowych schemat\u00f3w stylizacji<\/li><\/ul>\t\t\t\t\t\t\t\t<\/div>\n\t\t\t\t<\/div>\n\t\t\t\t<div class=\"elementor-element elementor-element-6bc654e elementor-widget elementor-widget-spacer\" data-id=\"6bc654e\" data-element_type=\"widget\" data-widget_type=\"spacer.default\">\n\t\t\t\t<div class=\"elementor-widget-container\">\n\t\t\t\t\t\t\t<div class=\"elementor-spacer\">\n\t\t\t<div class=\"elementor-spacer-inner\"><\/div>\n\t\t<\/div>\n\t\t\t\t\t\t<\/div>\n\t\t\t\t<\/div>\n\t\t\t\t<div class=\"elementor-element elementor-element-17bbbd2 elementor-align-center elementor-widget elementor-widget-button\" data-id=\"17bbbd2\" data-element_type=\"widget\" data-widget_type=\"button.default\">\n\t\t\t\t<div class=\"elementor-widget-container\">\n\t\t\t\t\t\t\t\t\t<div class=\"elementor-button-wrapper\">\n\t\t\t\t\t<a class=\"elementor-button elementor-button-link elementor-size-sm elementor-animation-hang\" href=\"#\">\n\t\t\t\t\t\t<span class=\"elementor-button-content-wrapper\">\n\t\t\t\t\t\t\t\t\t<span class=\"elementor-button-text\">KONATKT \u27f6<\/span>\n\t\t\t\t\t<\/span>\n\t\t\t\t\t<\/a>\n\t\t\t\t<\/div>\n\t\t\t\t\t\t\t\t<\/div>\n\t\t\t\t<\/div>\n\t\t\t\t<\/div>\n\t\t<div class=\"elementor-element elementor-element-b4afeb0 e-con-full e-flex e-con e-child\" data-id=\"b4afeb0\" data-element_type=\"container\" data-settings=\"{&quot;background_background&quot;:&quot;classic&quot;}\">\n\t\t\t\t<div class=\"elementor-element elementor-element-96abf16 elementor-widget elementor-widget-text-editor\" data-id=\"96abf16\" data-element_type=\"widget\" data-widget_type=\"text-editor.default\">\n\t\t\t\t<div class=\"elementor-widget-container\">\n\t\t\t\t\t\t\t\t\t<ul><li><span style=\"font-weight: 400;\">zasady BHP w pracy stylistki rz\u0119s\u00a0<\/span><\/li><li><span style=\"font-weight: 400;\">przeciwwskazania do zabiegu\u00a0<\/span><\/li><li><span style=\"font-weight: 400;\">reakcje alergiczne <\/span><\/li><li>procedura zabiegowa (krok po kroku)<\/li><li>uzupe\u0142nienie rz\u0119s<\/li><li>\u015bci\u0105ganie rz\u0119s removerem\u00a0<\/li><li>\u015bci\u0105ganie odrost\u00f3w<\/li><li>w\u0142a\u015bciwa pozycja klientki oraz stylistki<\/li><li>zalecenia piel\u0119gnacyjne<\/li><\/ul>\t\t\t\t\t\t\t\t<\/div>\n\t\t\t\t<\/div>\n\t\t\t\t<div class=\"elementor-element elementor-element-94eb592 elementor-widget elementor-widget-spacer\" data-id=\"94eb592\" data-element_type=\"widget\" data-widget_type=\"spacer.default\">\n\t\t\t\t<div class=\"elementor-widget-container\">\n\t\t\t\t\t\t\t<div class=\"elementor-spacer\">\n\t\t\t<div class=\"elementor-spacer-inner\"><\/div>\n\t\t<\/div>\n\t\t\t\t\t\t<\/div>\n\t\t\t\t<\/div>\n\t\t\t\t<div class=\"elementor-element elementor-element-f647304 elementor-align-center elementor-widget elementor-widget-button\" data-id=\"f647304\" data-element_type=\"widget\" data-widget_type=\"button.default\">\n\t\t\t\t<div class=\"elementor-widget-container\">\n\t\t\t\t\t\t\t\t\t<div class=\"elementor-button-wrapper\">\n\t\t\t\t\t<a class=\"elementor-button elementor-button-link elementor-size-sm elementor-animation-hang\" href=\"#\">\n\t\t\t\t\t\t<span class=\"elementor-button-content-wrapper\">\n\t\t\t\t\t\t\t\t\t<span class=\"elementor-button-text\">KONATKT \u27f6<\/span>\n\t\t\t\t\t<\/span>\n\t\t\t\t\t<\/a>\n\t\t\t\t<\/div>\n\t\t\t\t\t\t\t\t<\/div>\n\t\t\t\t<\/div>\n\t\t\t\t<\/div>\n\t\t\t\t<\/div>\n\t\t<div class=\"elementor-element elementor-element-e179eb3 e-con-full e-flex e-con e-parent\" data-id=\"e179eb3\" data-element_type=\"container\" data-settings=\"{&quot;background_background&quot;:&quot;classic&quot;}\">\n\t\t<div class=\"elementor-element elementor-element-178dc53 e-con-full e-flex e-con e-child\" data-id=\"178dc53\" data-element_type=\"container\">\n\t\t\t\t<div class=\"elementor-element elementor-element-f8123a1 elementor-widget elementor-widget-image\" data-id=\"f8123a1\" data-element_type=\"widget\" data-widget_type=\"image.default\">\n\t\t\t\t<div class=\"elementor-widget-container\">\n\t\t\t\t\t\t\t\t\t\t\t\t\t\t\t<img fetchpriority=\"high\" decoding=\"async\" width=\"483\" height=\"483\" src=\"https:\/\/lashacademy.nl\/wp-content\/uploads\/2024\/11\/ikona-logo-1.png\" class=\"attachment-large size-large wp-image-175\" alt=\"\" srcset=\"https:\/\/lashacademy.nl\/wp-content\/uploads\/2024\/11\/ikona-logo-1.png 483w, https:\/\/lashacademy.nl\/wp-content\/uploads\/2024\/11\/ikona-logo-1-300x300.png 300w, https:\/\/lashacademy.nl\/wp-content\/uploads\/2024\/11\/ikona-logo-1-150x150.png 150w\" sizes=\"(max-width: 483px) 100vw, 483px\" \/>\t\t\t\t\t\t\t\t\t\t\t\t\t\t\t<\/div>\n\t\t\t\t<\/div>\n\t\t\t\t<div class=\"elementor-element elementor-element-d58da27 elementor-invisible elementor-widget elementor-widget-heading\" data-id=\"d58da27\" data-element_type=\"widget\" data-settings=\"{&quot;_animation&quot;:&quot;fadeIn&quot;}\" data-widget_type=\"heading.default\">\n\t\t\t\t<div class=\"elementor-widget-container\">\n\t\t\t\t\t<h2 class=\"elementor-heading-title elementor-size-default\">2 dzie\u0144 <\/h2>\t\t\t\t<\/div>\n\t\t\t\t<\/div>\n\t\t\t\t<div class=\"elementor-element elementor-element-cddd1bc elementor-widget__width-initial elementor-widget-mobile__width-inherit elementor-widget elementor-widget-text-editor\" data-id=\"cddd1bc\" data-element_type=\"widget\" data-widget_type=\"text-editor.default\">\n\t\t\t\t<div class=\"elementor-widget-container\">\n\t\t\t\t\t\t\t\t\t<p><span style=\"font-weight: 400;\">Cz\u0119\u015b\u0107 praktyczna na modelce\u00a0 <\/span><\/p>\t\t\t\t\t\t\t\t<\/div>\n\t\t\t\t<\/div>\n\t\t\t\t<\/div>\n\t\t\t\t<\/div>\n\t\t<div class=\"elementor-element elementor-element-e224508 e-con-full e-flex e-con e-parent\" data-id=\"e224508\" data-element_type=\"container\">\n\t\t<div class=\"elementor-element elementor-element-2719d01 e-con-full e-flex e-con e-child\" data-id=\"2719d01\" data-element_type=\"container\">\n\t\t\t\t<div class=\"elementor-element elementor-element-779a116 elementor-widget elementor-widget-text-editor\" data-id=\"779a116\" data-element_type=\"widget\" data-widget_type=\"text-editor.default\">\n\t\t\t\t<div class=\"elementor-widget-container\">\n\t\t\t\t\t\t\t\t\t<ul><li><span style=\"font-weight: 400;\">om\u00f3wienie ankiety kwalifikacyjnej\u00a0<\/span><\/li><li><span style=\"font-weight: 400;\">analiza oczu\u00a0\u00a0<\/span><\/li><li><span style=\"font-weight: 400;\">om\u00f3wienie mapy rz\u0119s\u00a0<\/span><\/li><\/ul>\t\t\t\t\t\t\t\t<\/div>\n\t\t\t\t<\/div>\n\t\t\t\t<div class=\"elementor-element elementor-element-393254d elementor-widget elementor-widget-spacer\" data-id=\"393254d\" data-element_type=\"widget\" data-widget_type=\"spacer.default\">\n\t\t\t\t<div class=\"elementor-widget-container\">\n\t\t\t\t\t\t\t<div class=\"elementor-spacer\">\n\t\t\t<div class=\"elementor-spacer-inner\"><\/div>\n\t\t<\/div>\n\t\t\t\t\t\t<\/div>\n\t\t\t\t<\/div>\n\t\t\t\t<div class=\"elementor-element elementor-element-b2729df elementor-align-center elementor-widget elementor-widget-button\" data-id=\"b2729df\" data-element_type=\"widget\" data-widget_type=\"button.default\">\n\t\t\t\t<div class=\"elementor-widget-container\">\n\t\t\t\t\t\t\t\t\t<div class=\"elementor-button-wrapper\">\n\t\t\t\t\t<a class=\"elementor-button elementor-button-link elementor-size-sm elementor-animation-hang\" href=\"#\">\n\t\t\t\t\t\t<span class=\"elementor-button-content-wrapper\">\n\t\t\t\t\t\t\t\t\t<span class=\"elementor-button-text\">KONATKT \u27f6<\/span>\n\t\t\t\t\t<\/span>\n\t\t\t\t\t<\/a>\n\t\t\t\t<\/div>\n\t\t\t\t\t\t\t\t<\/div>\n\t\t\t\t<\/div>\n\t\t\t\t<\/div>\n\t\t<div class=\"elementor-element elementor-element-b565f47 e-con-full e-flex e-con e-child\" data-id=\"b565f47\" data-element_type=\"container\" data-settings=\"{&quot;background_background&quot;:&quot;classic&quot;}\">\n\t\t\t\t<div class=\"elementor-element elementor-element-b7bd49e elementor-widget elementor-widget-text-editor\" data-id=\"b7bd49e\" data-element_type=\"widget\" data-widget_type=\"text-editor.default\">\n\t\t\t\t<div class=\"elementor-widget-container\">\n\t\t\t\t\t\t\t\t\t<ul><li><span style=\"font-weight: 400;\">praca na modelce\u00a0<\/span><\/li><li><span style=\"font-weight: 400;\">Om\u00f3wienie wykonanej pracy<\/span><\/li><li>feedback od instruktora oraz analiza stylizacji wykonanych przez uczestnik\u00f3w &#8211; Wr\u0119czenie certyfikat\u00f3w\u00a0<\/li><\/ul>\t\t\t\t\t\t\t\t<\/div>\n\t\t\t\t<\/div>\n\t\t\t\t<div class=\"elementor-element elementor-element-1cd03ef elementor-widget elementor-widget-spacer\" data-id=\"1cd03ef\" data-element_type=\"widget\" data-widget_type=\"spacer.default\">\n\t\t\t\t<div class=\"elementor-widget-container\">\n\t\t\t\t\t\t\t<div class=\"elementor-spacer\">\n\t\t\t<div class=\"elementor-spacer-inner\"><\/div>\n\t\t<\/div>\n\t\t\t\t\t\t<\/div>\n\t\t\t\t<\/div>\n\t\t\t\t<div class=\"elementor-element elementor-element-959106b elementor-align-center elementor-widget elementor-widget-button\" data-id=\"959106b\" data-element_type=\"widget\" data-widget_type=\"button.default\">\n\t\t\t\t<div class=\"elementor-widget-container\">\n\t\t\t\t\t\t\t\t\t<div class=\"elementor-button-wrapper\">\n\t\t\t\t\t<a class=\"elementor-button elementor-button-link elementor-size-sm elementor-animation-hang\" href=\"#\">\n\t\t\t\t\t\t<span class=\"elementor-button-content-wrapper\">\n\t\t\t\t\t\t\t\t\t<span class=\"elementor-button-text\">KONATKT \u27f6<\/span>\n\t\t\t\t\t<\/span>\n\t\t\t\t\t<\/a>\n\t\t\t\t<\/div>\n\t\t\t\t\t\t\t\t<\/div>\n\t\t\t\t<\/div>\n\t\t\t\t<\/div>\n\t\t\t\t<\/div>\n\t\t<div class=\"elementor-element elementor-element-6092846 e-con-full e-flex e-con e-parent\" data-id=\"6092846\" data-element_type=\"container\" data-settings=\"{&quot;background_background&quot;:&quot;classic&quot;}\">\n\t\t<div class=\"elementor-element elementor-element-17b34f1 e-con-full e-flex e-con e-child\" data-id=\"17b34f1\" data-element_type=\"container\" data-settings=\"{&quot;background_background&quot;:&quot;classic&quot;}\">\n\t\t\t\t<div class=\"elementor-element elementor-element-709b3a0 elementor-widget__width-initial elementor-widget elementor-widget-text-editor\" data-id=\"709b3a0\" data-element_type=\"widget\" data-widget_type=\"text-editor.default\">\n\t\t\t\t<div class=\"elementor-widget-container\">\n\t\t\t\t\t\t\t\t\t<p><span style=\"font-weight: 400;\">Nasze szkolenie<\/span><\/p>\t\t\t\t\t\t\t\t<\/div>\n\t\t\t\t<\/div>\n\t\t\t\t<div class=\"elementor-element elementor-element-74e4ce2 elementor-widget__width-initial elementor-invisible elementor-widget elementor-widget-heading\" data-id=\"74e4ce2\" data-element_type=\"widget\" data-settings=\"{&quot;_animation&quot;:&quot;fadeIn&quot;}\" data-widget_type=\"heading.default\">\n\t\t\t\t<div class=\"elementor-widget-container\">\n\t\t\t\t\t<h2 class=\"elementor-heading-title elementor-size-default\">to doskona\u0142a okazja<\/h2>\t\t\t\t<\/div>\n\t\t\t\t<\/div>\n\t\t\t\t<div class=\"elementor-element elementor-element-8f012f1 elementor-widget__width-initial elementor-widget-mobile__width-inherit elementor-widget elementor-widget-text-editor\" data-id=\"8f012f1\" data-element_type=\"widget\" data-widget_type=\"text-editor.default\">\n\t\t\t\t<div class=\"elementor-widget-container\">\n\t\t\t\t\t\t\t\t\t<p><span style=\"font-weight: 400;\">na rozw\u00f3j umiej\u0119tno\u015bci w zakresie stylizacji\u00a0 rz\u0119s. <\/span><\/p><p><span style=\"font-weight: 400;\">Dzi\u0119ki praktycznym \u0107wiczeniom oraz indywidualnemu podej\u015bciu <\/span><\/p><p><span style=\"font-weight: 400;\">do ka\u017cdego uczestnika, zdob\u0119dziesz pewno\u015b\u0107 siebie i wiedz\u0119 potrzebn\u0105 <\/span><\/p><p><span style=\"font-weight: 400;\">do osi\u0105gni\u0119cia sukcesu w tej bran\u017cy.<\/span><\/p><p><strong>Do\u0142\u0105cz do nas i odkryj magi\u0119 stylizacji rz\u0119s!\u00a0<\/strong><\/p>\t\t\t\t\t\t\t\t<\/div>\n\t\t\t\t<\/div>\n\t\t\t\t<div class=\"elementor-element elementor-element-a18290b elementor-widget__width-initial elementor-widget elementor-widget-button\" data-id=\"a18290b\" data-element_type=\"widget\" data-widget_type=\"button.default\">\n\t\t\t\t<div class=\"elementor-widget-container\">\n\t\t\t\t\t\t\t\t\t<div class=\"elementor-button-wrapper\">\n\t\t\t\t\t<a class=\"elementor-button elementor-button-link elementor-size-sm\" href=\"#\">\n\t\t\t\t\t\t<span class=\"elementor-button-content-wrapper\">\n\t\t\t\t\t\t\t\t\t<span class=\"elementor-button-text\">UM\u00d3W TERMIN<\/span>\n\t\t\t\t\t<\/span>\n\t\t\t\t\t<\/a>\n\t\t\t\t<\/div>\n\t\t\t\t\t\t\t\t<\/div>\n\t\t\t\t<\/div>\n\t\t\t\t<div class=\"elementor-element elementor-element-94da5d7 elementor-widget elementor-widget-spacer\" data-id=\"94da5d7\" data-element_type=\"widget\" data-widget_type=\"spacer.default\">\n\t\t\t\t<div class=\"elementor-widget-container\">\n\t\t\t\t\t\t\t<div class=\"elementor-spacer\">\n\t\t\t<div class=\"elementor-spacer-inner\"><\/div>\n\t\t<\/div>\n\t\t\t\t\t\t<\/div>\n\t\t\t\t<\/div>\n\t\t\t\t<div class=\"elementor-element elementor-element-9753b74 elementor-widget__width-initial elementor-widget elementor-widget-image\" data-id=\"9753b74\" data-element_type=\"widget\" data-widget_type=\"image.default\">\n\t\t\t\t<div class=\"elementor-widget-container\">\n\t\t\t\t\t\t\t\t\t\t\t\t\t\t\t<img decoding=\"async\" width=\"345\" height=\"58\" src=\"https:\/\/lashacademy.nl\/wp-content\/uploads\/2024\/11\/logo-na-strone_LASH-ACADEMY.png\" class=\"attachment-large size-large wp-image-128\" alt=\"\" srcset=\"https:\/\/lashacademy.nl\/wp-content\/uploads\/2024\/11\/logo-na-strone_LASH-ACADEMY.png 345w, https:\/\/lashacademy.nl\/wp-content\/uploads\/2024\/11\/logo-na-strone_LASH-ACADEMY-300x50.png 300w\" sizes=\"(max-width: 345px) 100vw, 345px\" \/>\t\t\t\t\t\t\t\t\t\t\t\t\t\t\t<\/div>\n\t\t\t\t<\/div>\n\t\t\t\t<\/div>\n\t\t<div class=\"elementor-element elementor-element-768e3ce e-con-full e-flex e-con e-child\" data-id=\"768e3ce\" data-element_type=\"container\" data-settings=\"{&quot;background_background&quot;:&quot;classic&quot;}\">\n\t\t\t\t<div class=\"elementor-element elementor-element-6326cef elementor-widget elementor-widget-spacer\" data-id=\"6326cef\" data-element_type=\"widget\" data-widget_type=\"spacer.default\">\n\t\t\t\t<div class=\"elementor-widget-container\">\n\t\t\t\t\t\t\t<div class=\"elementor-spacer\">\n\t\t\t<div class=\"elementor-spacer-inner\"><\/div>\n\t\t<\/div>\n\t\t\t\t\t\t<\/div>\n\t\t\t\t<\/div>\n\t\t\t\t<\/div>\n\t\t\t\t<\/div>\n\t\t\t\t<\/div>\n\t\t","protected":false},"excerpt":{"rendered":"<p>Szkolenie podstawowe metoda 1:1 2-dniowe + 1 ekstra dzie\u0144 praktyki na modelce Dla kogo jest to szkolenie? Dla os\u00f3b kt\u00f3re nigdy nie mia\u0142y styczno\u015bci ze stylizacj\u0105 rz\u0119s\u00a0 \u00a0 Dla os\u00f3b kt\u00f3re odczuwaj\u0105 deficyty w posiadanej wiedzy oraz chcia\u0142yby od\u015bwie\u017cy\u0107\u00a0 umiej\u0119tno\u015bci 1 dzie\u0144 CZ\u0118\u015a\u0106 TEORETYCZNA &#8211; 8 godzin budowa i funkcje rz\u0119sy naturalnej \u017cywotno\u015b\u0107 rz\u0119s i [&hellip;]<\/p>\n","protected":false},"author":1,"featured_media":0,"parent":0,"menu_order":0,"comment_status":"closed","ping_status":"closed","template":"","meta":{"footnotes":""},"class_list":["post-378","page","type-page","status-publish","hentry"],"_links":{"self":[{"href":"https:\/\/lashacademy.nl\/index.php?rest_route=\/wp\/v2\/pages\/378","targetHints":{"allow":["GET"]}}],"collection":[{"href":"https:\/\/lashacademy.nl\/index.php?rest_route=\/wp\/v2\/pages"}],"about":[{"href":"https:\/\/lashacademy.nl\/index.php?rest_route=\/wp\/v2\/types\/page"}],"author":[{"embeddable":true,"href":"https:\/\/lashacademy.nl\/index.php?rest_route=\/wp\/v2\/users\/1"}],"replies":[{"embeddable":true,"href":"https:\/\/lashacademy.nl\/index.php?rest_route=%2Fwp%2Fv2%2Fcomments&post=378"}],"version-history":[{"count":79,"href":"https:\/\/lashacademy.nl\/index.php?rest_route=\/wp\/v2\/pages\/378\/revisions"}],"predecessor-version":[{"id":939,"href":"https:\/\/lashacademy.nl\/index.php?rest_route=\/wp\/v2\/pages\/378\/revisions\/939"}],"wp:attachment":[{"href":"https:\/\/lashacademy.nl\/index.php?rest_route=%2Fwp%2Fv2%2Fmedia&parent=378"}],"curies":[{"name":"wp","href":"https:\/\/api.w.org\/{rel}","templated":true}]}}